{"id":13207,"date":"2025-01-30T16:24:10","date_gmt":"2025-01-30T15:24:10","guid":{"rendered":"https:\/\/www.sapim.com\/payments\/"},"modified":"2025-01-30T18:30:26","modified_gmt":"2025-01-30T17:30:26","slug":"payments","status":"publish","type":"page","link":"https:\/\/www.sapim.com\/es\/payments\/","title":{"rendered":"Pagos"},"content":{"rendered":"\t\t<div data-elementor-type=\"wp-page\" data-elementor-id=\"13207\" class=\"elementor elementor-13207 elementor-13190\" data-elementor-post-type=\"page\">\n\t\t\t\t\t\t<section class=\"has_eae_slider elementor-section elementor-top-section elementor-element elementor-element-0b7dcd9 elementor-section-boxed elementor-section-height-default elementor-section-height-default\" data-id=\"0b7dcd9\" data-element_type=\"section\">\n\t\t\t\t\t\t<div class=\"elementor-container elementor-column-gap-default\">\n\t\t\t\t\t<div class=\"has_eae_slider elementor-column elementor-col-100 elementor-top-column elementor-element elementor-element-ef5dbd8\" data-id=\"ef5dbd8\" data-element_type=\"column\">\n\t\t\t<div class=\"elementor-widget-wrap elementor-element-populated\">\n\t\t\t\t\t\t\t<\/div>\n\t\t<\/div>\n\t\t\t\t\t<\/div>\n\t\t<\/section>\n\t\t\t\t<section class=\"has_eae_slider elementor-section elementor-top-section elementor-element elementor-element-6c09162 elementor-section-boxed elementor-section-height-default elementor-section-height-default\" data-id=\"6c09162\" data-element_type=\"section\">\n\t\t\t\t\t\t<div class=\"elementor-container elementor-column-gap-default\">\n\t\t\t\t\t<div class=\"has_eae_slider elementor-column elementor-col-100 elementor-top-column elementor-element elementor-element-0c26876\" data-id=\"0c26876\" data-element_type=\"column\">\n\t\t\t<div class=\"elementor-widget-wrap elementor-element-populated\">\n\t\t\t\t\t\t<div class=\"elementor-element elementor-element-cab99ab elementor-widget elementor-widget-html\" data-id=\"cab99ab\" data-element_type=\"widget\" data-widget_type=\"html.default\">\n\t\t\t\t<div class=\"elementor-widget-container\">\n\t\t\t<!-- wp:paragraph -->\r\n\r\n<h2>Pago en l\u00ednea<\/h2>\r\n<div id=\"transaction-div\" class=\"elementor-field-group\">\r\n\r\n    <div class=\"form-submit mb-15\">\r\n        <div class=\"mb-15\">\r\n            <label>Descripci\u00f3n<\/label>\r\n            <input type=\"text\" size=\"1\" class=\"elementor-field elementor-size-sm  elementor-field-textual\" id=\"transaction-subject\" name=\"description\" placeholder=\"Describe el motivo del pago\" required=\"required\" value=\"\" maxlength=\"120\">\r\n            <div class=\"error\" id=\"transaction-subject-error\"><\/div>\r\n        <\/div>\r\n        \r\n        <div class=\"mb-15\">\r\n            <label class=\"elementor-field-label\" for=\"epp-register-input-period\">Importe<\/label>\r\n            <div class=\"flex-row-div fit-content\">\r\n                <input type=\"number\" class=\" elementor-size-sm  elementor-field-textual input-group-value\"\r\n                       id=\"transaction-amount\" name=\"amount\" required value=\"0.00\" min=\"1.00\" max=\"999999999999\" step=\"0.01\">\r\n                <input type=\"text\"\r\n                       class=\"elementor-field elementor-size-sm  elementor-field-textual input-group-append\"\r\n                       name=\"currency\" value=\"\u20ac\" disabled>\r\n\r\n            <\/div>\r\n            <div class=\"error\" id=\"transaction-amount-error\"><\/div>\r\n        <\/div>\r\n        <div class=\"mb-15\">\r\n             <label>Correo electr\u00f3nico<\/label>\r\n        <input type=\"email\" size=\"1\" class=\"elementor-field elementor-size-sm  elementor-field-textual\" id=\"transaction-email\" name=\"mail\" placeholder=\"ejemplo@ejemplo.com\" required=\"required\" value=\"\">\r\n            <div class=\"error\" id=\"transaction-email-error\"><\/div>\r\n        <\/div>\r\n        \r\n        <div class=\"flex-column-div align-end\">\r\n            <button id=\"transaction-start-button\" class=\"button elementor-size-sm\" type=\"submit\">\r\n            Proceder al pago\r\n        <\/button>\r\n        <\/div>\r\n    <\/div> \r\n\r\n<\/div>\r\n\r\n<!-- \/wp:paragraph -->\t\t<\/div>\n\t\t\t\t<\/div>\n\t\t\t\t\t<\/div>\n\t\t<\/div>\n\t\t\t\t\t<\/div>\n\t\t<\/section>\n\t\t\t\t<\/div>\n\t\t","protected":false},"excerpt":{"rendered":"<p>Pago en l\u00ednea Descripci\u00f3n Importe Correo electr\u00f3nico Proceder al pago<\/p>\n","protected":false},"author":1,"featured_media":0,"parent":0,"menu_order":0,"comment_status":"closed","ping_status":"closed","template":"","meta":{"footnotes":""},"class_list":["post-13207","page","type-page","status-publish","hentry"],"aioseo_notices":[],"_links":{"self":[{"href":"https:\/\/www.sapim.com\/es\/wp-json\/wp\/v2\/pages\/13207"}],"collection":[{"href":"https:\/\/www.sapim.com\/es\/wp-json\/wp\/v2\/pages"}],"about":[{"href":"https:\/\/www.sapim.com\/es\/wp-json\/wp\/v2\/types\/page"}],"author":[{"embeddable":true,"href":"https:\/\/www.sapim.com\/es\/wp-json\/wp\/v2\/users\/1"}],"replies":[{"embeddable":true,"href":"https:\/\/www.sapim.com\/es\/wp-json\/wp\/v2\/comments?post=13207"}],"version-history":[{"count":7,"href":"https:\/\/www.sapim.com\/es\/wp-json\/wp\/v2\/pages\/13207\/revisions"}],"predecessor-version":[{"id":13222,"href":"https:\/\/www.sapim.com\/es\/wp-json\/wp\/v2\/pages\/13207\/revisions\/13222"}],"wp:attachment":[{"href":"https:\/\/www.sapim.com\/es\/wp-json\/wp\/v2\/media?parent=13207"}],"curies":[{"name":"wp","href":"https:\/\/api.w.org\/{rel}","templated":true}]}}