{"id":8399,"date":"2021-01-15T16:48:04","date_gmt":"2021-01-15T15:48:04","guid":{"rendered":"https:\/\/www.sapim.com\/serveis-marques\/"},"modified":"2025-03-14T21:16:29","modified_gmt":"2025-03-14T20:16:29","slug":"servicios-de-marcas","status":"publish","type":"page","link":"https:\/\/www.sapim.com\/es\/servicios-de-marcas\/","title":{"rendered":"Registro de Marcas Andorra"},"content":{"rendered":"\t\t<div data-elementor-type=\"wp-page\" data-elementor-id=\"8399\" class=\"elementor elementor-8399 elementor-7543\" data-elementor-post-type=\"page\">\n\t\t\t\t\t\t<section class=\"has_eae_slider elementor-section elementor-top-section elementor-element elementor-element-f985c54 elementor-section-boxed elementor-section-height-default elementor-section-height-default\" data-id=\"f985c54\" data-element_type=\"section\" data-settings=\"{&quot;background_background&quot;:&quot;classic&quot;}\">\n\t\t\t\t\t\t<div class=\"elementor-container elementor-column-gap-default\">\n\t\t\t\t\t<div class=\"has_eae_slider elementor-column elementor-col-58 elementor-top-column elementor-element elementor-element-f986407\" data-id=\"f986407\" data-element_type=\"column\">\n\t\t\t<div class=\"elementor-widget-wrap elementor-element-populated\">\n\t\t\t\t\t\t<div class=\"elementor-element elementor-element-cbc26fd elementor-widget elementor-widget-vc_custom_heading\" data-id=\"cbc26fd\" data-element_type=\"widget\" data-widget_type=\"vc_custom_heading.default\">\n\t\t\t\t<div class=\"elementor-widget-container\">\n\t\t\t<div class=\" vc_custom_heading  consulting_heading_font  text_align_left\" ><h2 style=\"text-align: left;font-weight:700\" class=\"consulting-custom-title\">Registro de Marcas Andorra<\/h2><\/div>\t\t<\/div>\n\t\t\t\t<\/div>\n\t\t\t\t<div class=\"elementor-element elementor-element-f98694d elementor-widget elementor-widget-text-editor\" data-id=\"f98694d\" data-element_type=\"widget\" data-widget_type=\"text-editor.default\">\n\t\t\t\t<div class=\"elementor-widget-container\">\n\t\t\t\t\t\t\t<p><span style=\"font-family: Montserrat; color: #444444; font-size: 16px; letter-spacing: -0.4px;\">Una marca es un derecho que proporciona a su titular la exclusiva para utilizar en el comercio, un nombre, gr\u00e1fico y en general cualquier sensaci\u00f3n que un consumidor puede percibir, en relaci\u00f3n a productos y servicios de una empresa que le permiten diferenciarlos de los de otra empresa. Este derecho es territorial y s\u00f3lo ser\u00e1 reconocido en aquellos mercados en los que expresamente se haya solicitado y concedido<\/span><\/p>\n\t\t\t\t\t\t<\/div>\n\t\t\t\t<\/div>\n\t\t\t\t<div class=\"elementor-element elementor-element-f986cef elementor-widget elementor-widget-text-editor\" data-id=\"f986cef\" data-element_type=\"widget\" data-widget_type=\"text-editor.default\">\n\t\t\t\t<div class=\"elementor-widget-container\">\n\t\t\t\t\t\t\t<p>En Andorra, este derecho de exclusiva, se puede obtener para textos del alfabeto catal\u00e1n, gr\u00e1ficos 2D o 3D, colores o la combinaci\u00f3n de los tres.<\/p>\n<p>Para que el derecho de marca sea reconocido en Andorra frente a terceros, s\u00f3lo puede obtenerse a trav\u00e9s de su registro en la Oficina de Marcas y Patentes de Andorra (OMPA)<\/p>\n\t\t\t\t\t\t<\/div>\n\t\t\t\t<\/div>\n\t\t\t\t<div class=\"elementor-element elementor-element-f987052 elementor-widget elementor-widget-text-editor\" data-id=\"f987052\" data-element_type=\"widget\" data-widget_type=\"text-editor.default\">\n\t\t\t\t<div class=\"elementor-widget-container\">\n\t\t\t\t\t\t\t<blockquote style=\"background-color: #ffffff;\">\n<p><strong>SAPIM<\/strong>, asesora y representa ante la OMPA a entidades y empresas que quieren obtener y gestionar sus marcas en el Principado de Andorra.<\/p>\n<\/blockquote>\n\t\t\t\t\t\t<\/div>\n\t\t\t\t<\/div>\n\t\t\t\t\t<\/div>\n\t\t<\/div>\n\t\t\t\t<div class=\"has_eae_slider elementor-column elementor-col-41 elementor-top-column elementor-element elementor-element-f987ad7\" data-id=\"f987ad7\" data-element_type=\"column\">\n\t\t\t<div class=\"elementor-widget-wrap elementor-element-populated\">\n\t\t\t\t\t\t<div class=\"elementor-element elementor-element-bee015a elementor-widget elementor-widget-image\" data-id=\"bee015a\" data-element_type=\"widget\" data-widget_type=\"image.default\">\n\t\t\t\t<div class=\"elementor-widget-container\">\n\t\t\t\t\t\t\t\t\t\t\t\t\t<img fetchpriority=\"high\" decoding=\"async\" width=\"800\" height=\"533\" src=\"https:\/\/www.sapim.com\/wp-content\/uploads\/2021\/01\/marques-andorra-1.jpg\" class=\"attachment-full size-full wp-image-9332\" alt=\"Trademarks Andorra\" srcset=\"https:\/\/www.sapim.com\/wp-content\/uploads\/2021\/01\/marques-andorra-1.jpg 800w, https:\/\/www.sapim.com\/wp-content\/uploads\/2021\/01\/marques-andorra-1-300x200.jpg 300w, https:\/\/www.sapim.com\/wp-content\/uploads\/2021\/01\/marques-andorra-1-768x512.jpg 768w\" sizes=\"(max-width: 800px) 100vw, 800px\" \/>\t\t\t\t\t\t\t\t\t\t\t\t\t<\/div>\n\t\t\t\t<\/div>\n\t\t\t\t\t<\/div>\n\t\t<\/div>\n\t\t\t\t\t<\/div>\n\t\t<\/section>\n\t\t\t\t<section class=\"has_eae_slider elementor-section elementor-top-section elementor-element elementor-element-f988474 elementor-section-boxed elementor-section-height-default elementor-section-height-default\" data-id=\"f988474\" data-element_type=\"section\">\n\t\t\t\t\t\t<div class=\"elementor-container elementor-column-gap-default\">\n\t\t\t\t\t<div class=\"has_eae_slider elementor-column elementor-col-100 elementor-top-column elementor-element elementor-element-f988923\" data-id=\"f988923\" data-element_type=\"column\">\n\t\t\t<div class=\"elementor-widget-wrap elementor-element-populated\">\n\t\t\t\t\t\t<div class=\"elementor-element elementor-element-f988dcb elementor-widget elementor-widget-vc_custom_heading\" data-id=\"f988dcb\" data-element_type=\"widget\" data-widget_type=\"vc_custom_heading.default\">\n\t\t\t\t<div class=\"elementor-widget-container\">\n\t\t\t<div class=\" vc_custom_heading  consulting_heading_font  text_align_left\" ><h3 style=\"text-align: left;font-weight:700\" class=\"consulting-custom-title\">Servicios\n<\/h3><\/div>\t\t<\/div>\n\t\t\t\t<\/div>\n\t\t\t\t<div class=\"elementor-element elementor-element-f98b27a elementor-widget elementor-widget-stm_icon_box\" data-id=\"f98b27a\" data-element_type=\"widget\" data-widget_type=\"stm_icon_box.default\">\n\t\t\t\t<div class=\"elementor-widget-container\">\n\t\t\t\n\n\n            <div onClick=\"return true\" class=\"icon_box  elementor-consulting-icon-box style_1 icon_left clearfix\">\n                <div class=\"icon  font-color_base font-color_third_bg\" style=\"width:70px\">\n            <i style=\"font-size: 30px;  width: 50px; height: 50px; display: flex; align-items: center; justify-content: center;\"\n               class=\"fas fa-registered\"><\/i><\/div>\n        <div class=\"icon_text\">\n                    <h5  class=\"font-color_base\">Solicitud de inscripci\u00f3n en el registro de marcas.\n<\/h5>\n                <p>El idioma de trabajo de la <strong>Oficina de Marcas y Patentes de Andorra (OMPA)<\/strong> es el catal\u00e1n. Las solicitudes de registro de marcas deben presentarse en esta lengua. <strong>SAPIM<\/strong> dispone de los medios humanos necesarios para realizar las correspondientes traducciones.<\/p>\n<p>Los productos y servicios que se quieren comercializar en el mercado andorrano bajo el signo distintivo del que se reivindica la exclusiva, deben agruparse siguiendo las pautas de las 45 clases descritas en la Clasificaci\u00f3n de Niza. Su enunciado debe seguir la literalidad especificada en la Clasificaci\u00f3n. Si se quieren reivindicar otros productos y servicios, debe solicitarse una clasificaci\u00f3n de los mismos a la <strong>OMPA<\/strong>, pagando la correspondiente tasa.<\/p>\n<p>El sistema de registro permite incluir en una misma solicitud, todas aquellas clases que interesen.<\/p>\n<p>El titular que solicita una marca puede ser cualquier persona f\u00edsica o jur\u00eddica. En el caso que esta persona no tenga un domicilio en el Principado de Andorra, deber\u00e1 estar representada por un Mandatario debidamente acreditado ante la OMPA.<\/p>\n<p><strong>Se pueden reivindicar como marca aquellos signos distintivos formados por:<\/strong><\/p>\n<ul>\n<li>Palabras compuestas por letras del alfabeto fon\u00e9tico internacional, incluyendo los signos espec\u00edficos de la lengua catalana, n\u00fameros y la mayor\u00eda de los signos gramaticales. Cualquier otro signo de otros alfabetos, se puede proteger mediante una reivindicaci\u00f3n de signo gr\u00e1fico.<\/li>\n<li>Signos gr\u00e1ficos en blanco y negro (2D, 3D)<\/li>\n<li>Signos gr\u00e1ficos en color (2D, 3D)<\/li>\n<li>Colores, definidos por la cuatricrom\u00eda en porcentaje de Cian, Magenta Amarillo y Negro.<\/li>\n<\/ul>\n<p>Andorra es parte del Convenio de Par\u00eds para la Protecci\u00f3n de la Propiedad Industrial, por lo que puede reivindicarse la prioridad que se deriva.<\/p>\n<p>Las marcas registradas en Andorra lo son <strong>para 10 a\u00f1os<\/strong> a contar desde la fecha de su dep\u00f3sito.<\/p>\n    <\/div>\n            <\/div>\n    \n\t\t<\/div>\n\t\t\t\t<\/div>\n\t\t\t\t<div class=\"elementor-element elementor-element-314e7ba elementor-widget elementor-widget-spacer\" data-id=\"314e7ba\" data-element_type=\"widget\" data-widget_type=\"spacer.default\">\n\t\t\t\t<div class=\"elementor-widget-container\">\n\t\t\t\t\t<div class=\"elementor-spacer\">\n\t\t\t<div class=\"elementor-spacer-inner\"><\/div>\n\t\t<\/div>\n\t\t\t\t<\/div>\n\t\t\t\t<\/div>\n\t\t\t\t\t<\/div>\n\t\t<\/div>\n\t\t\t\t\t<\/div>\n\t\t<\/section>\n\t\t\t\t<section class=\"has_eae_slider elementor-section elementor-top-section elementor-element elementor-element-f989262 elementor-section-boxed elementor-section-height-default elementor-section-height-default\" data-id=\"f989262\" data-element_type=\"section\" data-settings=\"{&quot;background_background&quot;:&quot;classic&quot;}\">\n\t\t\t\t\t\t<div class=\"elementor-container elementor-column-gap-default\">\n\t\t\t\t\t<div class=\"has_eae_slider elementor-column elementor-col-100 elementor-top-column elementor-element elementor-element-f98988c\" data-id=\"f98988c\" data-element_type=\"column\">\n\t\t\t<div class=\"elementor-widget-wrap elementor-element-populated\">\n\t\t\t\t\t\t<div class=\"elementor-element elementor-element-f989da8 elementor-widget elementor-widget-stm_icon_box\" data-id=\"f989da8\" data-element_type=\"widget\" data-widget_type=\"stm_icon_box.default\">\n\t\t\t\t<div class=\"elementor-widget-container\">\n\t\t\t\n\n\n            <div onClick=\"return true\" class=\"icon_box  elementor-consulting-icon-box style_1 icon_left clearfix\">\n                <div class=\"icon  font-color_base font-color_third_bg\" style=\"width:70px\">\n            <i style=\"font-size: 30px;  width: 50px; height: 50px; display: flex; align-items: center; justify-content: center;\"\n               class=\"fas fa-calendar-check\"><\/i><\/div>\n        <div class=\"icon_text\">\n                    <h5  class=\"font-color_base\">Renovaci\u00f3n\n<\/h5>\n                <p><span style=\"display: block; line-height: 24px;\">Cuando una marca se ha registrado, pasados 10 a\u00f1os de su dep\u00f3sito, se puede renovar indefinidamente por per\u00edodos de otros 10 a\u00f1os.<\/span><\/p>\n    <\/div>\n            <\/div>\n    \n\t\t<\/div>\n\t\t\t\t<\/div>\n\t\t\t\t<div class=\"elementor-element elementor-element-f98a02a elementor-widget elementor-widget-stm_icon_box\" data-id=\"f98a02a\" data-element_type=\"widget\" data-widget_type=\"stm_icon_box.default\">\n\t\t\t\t<div class=\"elementor-widget-container\">\n\t\t\t\n\n\n            <div onClick=\"return true\" class=\"icon_box  elementor-consulting-icon-box style_1 icon_left clearfix\">\n                <div class=\"icon  font-color_base font-color_third_bg\" style=\"width:70px\">\n            <i style=\"font-size: 25px;  width: 50px; height: 50px; display: flex; align-items: center; justify-content: center;\"\n               class=\"fas fa-user-shield\"><\/i><\/div>\n        <div class=\"icon_text\">\n                    <h5  class=\"font-color_base\">Control en Aduanas\n<\/h5>\n                <p><span style=\"display: block; line-height: 24px;\">La Aduana Andorrana, realiza controles puntuales de los productos que se introducen en el Principado de Andorra. En el caso en que en uno de estos controles las autoridades aduaneras tengan dudas de su legitimidad respecto de la marca, informa al titular del derecho o su Mandatario, para que realice las verificaciones oportunas y llegado el caso, promover las acciones oportunas<\/span><\/p>\n    <\/div>\n            <\/div>\n    \n\t\t<\/div>\n\t\t\t\t<\/div>\n\t\t\t\t\t<\/div>\n\t\t<\/div>\n\t\t\t\t<div class=\"has_eae_slider elementor-column elementor-col-100 elementor-top-column elementor-element elementor-element-f98a235\" data-id=\"f98a235\" data-element_type=\"column\">\n\t\t\t<div class=\"elementor-widget-wrap elementor-element-populated\">\n\t\t\t\t\t\t<div class=\"elementor-element elementor-element-f98a747 elementor-widget elementor-widget-stm_icon_box\" data-id=\"f98a747\" data-element_type=\"widget\" data-widget_type=\"stm_icon_box.default\">\n\t\t\t\t<div class=\"elementor-widget-container\">\n\t\t\t\n\n\n            <div onClick=\"return true\" class=\"icon_box  elementor-consulting-icon-box style_1 icon_left clearfix\">\n                <div class=\"icon  font-color_base font-color_third_bg\" style=\"width:70px\">\n            <i style=\"font-size: 25px;  width: 50px; height: 50px; display: flex; align-items: center; justify-content: center;\"\n               class=\"fas fa-edit\"><\/i><\/div>\n        <div class=\"icon_text\">\n                    <h5  class=\"font-color_base\">Cambio de nombre y\/o direcci\u00f3n\n<\/h5>\n                <p><span style=\"display: block; line-height: 24px;\">Es recomendable que el titular de un registro de marca, pueda ser perfectamente identificado, por lo que cualquier cambio de nombre, direcci\u00f3n o forma jur\u00eddica, se puede inscribir en la OMPA.<\/span><\/p>\n    <\/div>\n            <\/div>\n    \n\t\t<\/div>\n\t\t\t\t<\/div>\n\t\t\t\t<div class=\"elementor-element elementor-element-f98b074 elementor-widget elementor-widget-stm_icon_box\" data-id=\"f98b074\" data-element_type=\"widget\" data-widget_type=\"stm_icon_box.default\">\n\t\t\t\t<div class=\"elementor-widget-container\">\n\t\t\t\n\n\n            <div onClick=\"return true\" class=\"icon_box  elementor-consulting-icon-box style_1 icon_left clearfix\">\n                <div class=\"icon  font-color_base font-color_third_bg\" style=\"width:70px\">\n            <i style=\"font-size: 25px;  width: 50px; height: 50px; display: flex; align-items: center; justify-content: center;\"\n               class=\"fas fa-user-friends\"><\/i><\/div>\n        <div class=\"icon_text\">\n                    <h5  class=\"font-color_base\">Cessi\u00f3n\n<\/h5>\n                <p><span style=\"display: block; line-height: 24px;\">La transmisi\u00f3n de un derecho de Propiedad derivado de un registro de marca en Andorra, puede inscribirse en la OMPA, ya sea por la totalidad de los productos\/servicios, o por una parte de los mismos, a favor de un tercero, manteni\u00e9ndose los derechos del dep\u00f3sito original.<\/span><\/p>\n    <\/div>\n            <\/div>\n    \n\t\t<\/div>\n\t\t\t\t<\/div>\n\t\t\t\t\t<\/div>\n\t\t<\/div>\n\t\t\t\t<div class=\"has_eae_slider elementor-column elementor-col-100 elementor-top-column elementor-element elementor-element-f98ab59\" data-id=\"f98ab59\" data-element_type=\"column\">\n\t\t\t<div class=\"elementor-widget-wrap elementor-element-populated\">\n\t\t\t\t\t\t<div class=\"elementor-element elementor-element-f98a952 elementor-widget elementor-widget-stm_icon_box\" data-id=\"f98a952\" data-element_type=\"widget\" data-widget_type=\"stm_icon_box.default\">\n\t\t\t\t<div class=\"elementor-widget-container\">\n\t\t\t\n\n\n            <div onClick=\"return true\" class=\"icon_box  elementor-consulting-icon-box style_1 icon_left clearfix\">\n                <div class=\"icon  font-color_base font-color_third_bg\" style=\"width:70px\">\n            <i style=\"font-size: 28px;  width: 50px; height: 50px; display: flex; align-items: center; justify-content: center;\"\n               class=\"fas fa-book\"><\/i><\/div>\n        <div class=\"icon_text\">\n                    <h5  class=\"font-color_base\">Copias certificadas, legalizaciones y traducciones\n<\/h5>\n                <p><span style=\"display: block; line-height: 24px;\">El Principado de Andorra, como parte que es de la Convenci\u00f3n de Par\u00eds, permite que las solicitudes depositadas en la Oficina de Marcas del Principado de Andorra, puedan ser base de primer registro, con la finalidad de reivindicar las prioridades en otros territorios en base al Convenio. Desde SAPIM podemos tramitar cualquier traducci\u00f3n y legalizaci\u00f3n de estos registros<\/span><\/p>\n    <\/div>\n            <\/div>\n    \n\t\t<\/div>\n\t\t\t\t<\/div>\n\t\t\t\t\t<\/div>\n\t\t<\/div>\n\t\t\t\t\t<\/div>\n\t\t<\/section>\n\t\t\t\t<section class=\"has_eae_slider elementor-section elementor-top-section elementor-element elementor-element-455f311 third_bg_color elementor-section-boxed elementor-section-height-default elementor-section-height-default\" data-id=\"455f311\" data-element_type=\"section\" data-settings=\"{&quot;background_background&quot;:&quot;classic&quot;}\">\n\t\t\t\t\t\t<div class=\"elementor-container elementor-column-gap-default\">\n\t\t\t\t\t<div class=\"has_eae_slider elementor-column elementor-col-100 elementor-top-column elementor-element elementor-element-b3c950d\" data-id=\"b3c950d\" data-element_type=\"column\">\n\t\t\t<div class=\"elementor-widget-wrap elementor-element-populated\">\n\t\t\t\t\t\t<div class=\"elementor-element elementor-element-eeccb0c elementor-widget elementor-widget-text-editor\" data-id=\"eeccb0c\" data-element_type=\"widget\" data-widget_type=\"text-editor.default\">\n\t\t\t\t<div class=\"elementor-widget-container\">\n\t\t\t\t\t\t\t<h3><span style=\"color: #ffffff;\">Autoritzaci\u00f3n<\/span><\/h3>\n\t\t\t\t\t\t<\/div>\n\t\t\t\t<\/div>\n\t\t\t\t<div class=\"elementor-element elementor-element-d7c32a4 elementor-widget elementor-widget-vc_cta\" data-id=\"d7c32a4\" data-element_type=\"widget\" data-widget_type=\"vc_cta.default\">\n\t\t\t\t<div class=\"elementor-widget-container\">\n\t\t\t\n<div class=\"ce_cta ce_cta_45fe0c8c4608b8a401ca72b4bbc4ad10 ce_text_left third_bg_color add_button_right btn_align_right btn_button_block_true btn_has_icon btn_has_icon_on_the_right\" id=\"\">\n\t<div class=\"ce_cta__content\">\n\t\t<div class=\"ce_cta__content__header\">\n\t\t\t<h3  class='ce_cta__content__title '>Poder general de autorizaci\u00f3n para actuar como mandatario acreditado en el principado de Andorra (.doc)<\/h3>\t\t<\/div>\n\t\t\t<\/div>\n\n\t\t<div class=\"ce_cta__action\">\n\t\t<a\n\t\t\thref=\"https:\/\/www.sapim.com\/wp-content\/uploads\/2025\/03\/9-PoA-Marcas-ESP.docx\"\n\t\t\t\t\t\ttarget=\"_blank\"\n\t\t\tclass=\"button\n\t\t\t\t\t\">\n\t\t\t<span>Descargar<\/span>\n\t\t\t\t\t\t<i class=\"fas fa-file-word\"><\/i>\n\t\t\t\t\t<\/a>\n\t<\/div>\n\t<\/div>\n\t\t<\/div>\n\t\t\t\t<\/div>\n\t\t\t\t\t<\/div>\n\t\t<\/div>\n\t\t\t\t\t<\/div>\n\t\t<\/section>\n\t\t\t\t<\/div>\n\t\t","protected":false},"excerpt":{"rendered":"<p>Registro de Marcas Andorra Una marca es un derecho que proporciona a su titular la exclusiva para utilizar en el comercio, un nombre, gr\u00e1fico y en general cualquier sensaci\u00f3n que un consumidor puede percibir, en relaci\u00f3n a productos y servicios de una empresa que le permiten diferenciarlos de los de otra empresa. Este derecho es<\/p>\n","protected":false},"author":1,"featured_media":0,"parent":0,"menu_order":0,"comment_status":"closed","ping_status":"closed","template":"","meta":{"footnotes":""},"class_list":["post-8399","page","type-page","status-publish","hentry"],"aioseo_notices":[],"_links":{"self":[{"href":"https:\/\/www.sapim.com\/es\/wp-json\/wp\/v2\/pages\/8399"}],"collection":[{"href":"https:\/\/www.sapim.com\/es\/wp-json\/wp\/v2\/pages"}],"about":[{"href":"https:\/\/www.sapim.com\/es\/wp-json\/wp\/v2\/types\/page"}],"author":[{"embeddable":true,"href":"https:\/\/www.sapim.com\/es\/wp-json\/wp\/v2\/users\/1"}],"replies":[{"embeddable":true,"href":"https:\/\/www.sapim.com\/es\/wp-json\/wp\/v2\/comments?post=8399"}],"version-history":[{"count":32,"href":"https:\/\/www.sapim.com\/es\/wp-json\/wp\/v2\/pages\/8399\/revisions"}],"predecessor-version":[{"id":13379,"href":"https:\/\/www.sapim.com\/es\/wp-json\/wp\/v2\/pages\/8399\/revisions\/13379"}],"wp:attachment":[{"href":"https:\/\/www.sapim.com\/es\/wp-json\/wp\/v2\/media?parent=8399"}],"curies":[{"name":"wp","href":"https:\/\/api.w.org\/{rel}","templated":true}]}}