{"id":8436,"date":"2021-01-15T17:40:24","date_gmt":"2021-01-15T16:40:24","guid":{"rendered":"https:\/\/www.sapim.com\/serveis-patents\/"},"modified":"2025-03-14T21:14:50","modified_gmt":"2025-03-14T20:14:50","slug":"servicios-de-patentes","status":"publish","type":"page","link":"https:\/\/www.sapim.com\/es\/servicios-de-patentes\/","title":{"rendered":"Registro de Patentes Andorra"},"content":{"rendered":"\t\t<div data-elementor-type=\"wp-page\" data-elementor-id=\"8436\" class=\"elementor elementor-8436 elementor-7583\" data-elementor-post-type=\"page\">\n\t\t\t\t\t\t<section class=\"has_eae_slider elementor-section elementor-top-section elementor-element elementor-element-f985c54 elementor-section-boxed elementor-section-height-default elementor-section-height-default\" data-id=\"f985c54\" data-element_type=\"section\" data-settings=\"{&quot;background_background&quot;:&quot;classic&quot;}\">\n\t\t\t\t\t\t<div class=\"elementor-container elementor-column-gap-default\">\n\t\t\t\t\t<div class=\"has_eae_slider elementor-column elementor-col-58 elementor-top-column elementor-element elementor-element-f986407\" data-id=\"f986407\" data-element_type=\"column\">\n\t\t\t<div class=\"elementor-widget-wrap elementor-element-populated\">\n\t\t\t\t\t\t<div class=\"elementor-element elementor-element-fcf85a9 elementor-widget elementor-widget-vc_custom_heading\" data-id=\"fcf85a9\" data-element_type=\"widget\" data-widget_type=\"vc_custom_heading.default\">\n\t\t\t\t<div class=\"elementor-widget-container\">\n\t\t\t<div class=\" vc_custom_heading  consulting_heading_font  text_align_left\" ><h2 style=\"text-align: left;font-weight:700\" class=\"consulting-custom-title\">Registro de Patentes Andorra<\/h2><\/div>\t\t<\/div>\n\t\t\t\t<\/div>\n\t\t\t\t<div class=\"elementor-element elementor-element-f98694d elementor-widget elementor-widget-text-editor\" data-id=\"f98694d\" data-element_type=\"widget\" data-widget_type=\"text-editor.default\">\n\t\t\t\t<div class=\"elementor-widget-container\">\n\t\t\t\t\t\t\t<p><span style=\"font-family: Montserrat; color: #444444; font-size: 16px; letter-spacing: -0.4px;\">La ley andorrana est\u00e1 inspirada en el Convenio de Patentes Europea, con sus particularidades.\u00a0<\/span><\/p>\n\t\t\t\t\t\t<\/div>\n\t\t\t\t<\/div>\n\t\t\t\t<div class=\"elementor-element elementor-element-99a676d elementor-widget elementor-widget-spacer\" data-id=\"99a676d\" data-element_type=\"widget\" data-widget_type=\"spacer.default\">\n\t\t\t\t<div class=\"elementor-widget-container\">\n\t\t\t\t\t<div class=\"elementor-spacer\">\n\t\t\t<div class=\"elementor-spacer-inner\"><\/div>\n\t\t<\/div>\n\t\t\t\t<\/div>\n\t\t\t\t<\/div>\n\t\t\t\t<div class=\"elementor-element elementor-element-f987052 elementor-widget elementor-widget-text-editor\" data-id=\"f987052\" data-element_type=\"widget\" data-widget_type=\"text-editor.default\">\n\t\t\t\t<div class=\"elementor-widget-container\">\n\t\t\t\t\t\t\t<blockquote style=\"background-color: #ffffff;\">\n<p><strong>a-<\/strong> No hay examen de fondo.<\/p>\n<p><strong>b-<\/strong> Las solicitudes se publican pasados 18 meses de la fecha de su dep\u00f3sito, o de la fecha de prioridad, caso que la hubiera.<\/p>\n<p><strong>c-<\/strong> Las lenguas de presentaci\u00f3n son el Catal\u00e1n, Espa\u00f1ol, Ingl\u00e9s y Franc\u00e9s. Si el idioma de presentaci\u00f3n no es el Catal\u00e1n, es preciso adjuntar una traducci\u00f3n simple al Catal\u00e1n, al menos de las reivindicaciones.<\/p>\n<p><strong>d-<\/strong> Para poder actuar ante la Oficina de Patentes, Sapim \u00a0precisa de una autorizaci\u00f3n del titular.<\/p>\n<p><strong>e-<\/strong> En caso que el titular de la Patente no sea el inventor, es necesario aportar una declaraci\u00f3n que detalle como se ha adquirido el derecho a la titularidad.<\/p>\n<\/blockquote>\n\t\t\t\t\t\t<\/div>\n\t\t\t\t<\/div>\n\t\t\t\t\t<\/div>\n\t\t<\/div>\n\t\t\t\t<div class=\"has_eae_slider elementor-column elementor-col-41 elementor-top-column elementor-element elementor-element-f987ad7\" data-id=\"f987ad7\" data-element_type=\"column\">\n\t\t\t<div class=\"elementor-widget-wrap elementor-element-populated\">\n\t\t\t\t\t\t<div class=\"elementor-element elementor-element-bee015a elementor-widget elementor-widget-image\" data-id=\"bee015a\" data-element_type=\"widget\" data-widget_type=\"image.default\">\n\t\t\t\t<div class=\"elementor-widget-container\">\n\t\t\t\t\t\t\t\t\t\t\t\t\t<img fetchpriority=\"high\" decoding=\"async\" width=\"800\" height=\"948\" src=\"https:\/\/www.sapim.com\/wp-content\/uploads\/2021\/01\/patents-andorra.jpg\" class=\"attachment-full size-full wp-image-8437\" alt=\"\" srcset=\"https:\/\/www.sapim.com\/wp-content\/uploads\/2021\/01\/patents-andorra.jpg 800w, https:\/\/www.sapim.com\/wp-content\/uploads\/2021\/01\/patents-andorra-253x300.jpg 253w, https:\/\/www.sapim.com\/wp-content\/uploads\/2021\/01\/patents-andorra-768x910.jpg 768w\" sizes=\"(max-width: 800px) 100vw, 800px\" \/>\t\t\t\t\t\t\t\t\t\t\t\t\t<\/div>\n\t\t\t\t<\/div>\n\t\t\t\t\t<\/div>\n\t\t<\/div>\n\t\t\t\t\t<\/div>\n\t\t<\/section>\n\t\t\t\t<section class=\"has_eae_slider elementor-section elementor-top-section elementor-element elementor-element-c9de383 third_bg_color elementor-section-boxed elementor-section-height-default elementor-section-height-default\" data-id=\"c9de383\" data-element_type=\"section\" data-settings=\"{&quot;background_background&quot;:&quot;classic&quot;}\">\n\t\t\t\t\t\t<div class=\"elementor-container elementor-column-gap-default\">\n\t\t\t\t\t<div class=\"has_eae_slider elementor-column elementor-col-100 elementor-top-column elementor-element elementor-element-0a4af7e\" data-id=\"0a4af7e\" data-element_type=\"column\">\n\t\t\t<div class=\"elementor-widget-wrap elementor-element-populated\">\n\t\t\t\t\t\t<div class=\"elementor-element elementor-element-c5767e0 elementor-widget elementor-widget-text-editor\" data-id=\"c5767e0\" data-element_type=\"widget\" data-widget_type=\"text-editor.default\">\n\t\t\t\t<div class=\"elementor-widget-container\">\n\t\t\t\t\t\t\t<h3><span style=\"color: #ffffff;\">Autoritzaci\u00f3n<\/span><\/h3>\n\t\t\t\t\t\t<\/div>\n\t\t\t\t<\/div>\n\t\t\t\t<div class=\"elementor-element elementor-element-40a9911 elementor-widget elementor-widget-vc_cta\" data-id=\"40a9911\" data-element_type=\"widget\" data-widget_type=\"vc_cta.default\">\n\t\t\t\t<div class=\"elementor-widget-container\">\n\t\t\t\n<div class=\"ce_cta ce_cta_f33742e3cb200c014c1c3d5904ceebb0 ce_text_left third_bg_color add_button_right btn_align_right btn_button_block_true btn_has_icon btn_has_icon_on_the_right\" id=\"\">\n\t<div class=\"ce_cta__content\">\n\t\t<div class=\"ce_cta__content__header\">\n\t\t\t<h3  class='ce_cta__content__title '>Poder general de autorizaci\u00f3n para actuar como Agente de Patentes en el Principado de Andorra (.doc)<\/h3>\t\t<\/div>\n\t\t\t<\/div>\n\n\t\t<div class=\"ce_cta__action\">\n\t\t<a\n\t\t\thref=\"https:\/\/www.sapim.com\/wp-content\/uploads\/2025\/03\/10-PoA-Patentes-ESP.docx\"\n\t\t\t\t\t\ttarget=\"_blank\"\n\t\t\tclass=\"button\n\t\t\t\t\t\">\n\t\t\t<span>Descargar<\/span>\n\t\t\t\t\t\t<i class=\"fas fa-file-word\"><\/i>\n\t\t\t\t\t<\/a>\n\t<\/div>\n\t<\/div>\n\t\t<\/div>\n\t\t\t\t<\/div>\n\t\t\t\t\t<\/div>\n\t\t<\/div>\n\t\t\t\t\t<\/div>\n\t\t<\/section>\n\t\t\t\t<\/div>\n\t\t","protected":false},"excerpt":{"rendered":"<p>Registro de Patentes Andorra La ley andorrana est\u00e1 inspirada en el Convenio de Patentes Europea, con sus particularidades. a- No hay examen de fondo. b- Las solicitudes se publican pasados 18 meses de la fecha de su dep\u00f3sito, o de la fecha de prioridad, caso que la hubiera. c- Las lenguas de presentaci\u00f3n son el<\/p>\n","protected":false},"author":1,"featured_media":0,"parent":0,"menu_order":0,"comment_status":"closed","ping_status":"closed","template":"","meta":{"footnotes":""},"class_list":["post-8436","page","type-page","status-publish","hentry"],"aioseo_notices":[],"_links":{"self":[{"href":"https:\/\/www.sapim.com\/es\/wp-json\/wp\/v2\/pages\/8436"}],"collection":[{"href":"https:\/\/www.sapim.com\/es\/wp-json\/wp\/v2\/pages"}],"about":[{"href":"https:\/\/www.sapim.com\/es\/wp-json\/wp\/v2\/types\/page"}],"author":[{"embeddable":true,"href":"https:\/\/www.sapim.com\/es\/wp-json\/wp\/v2\/users\/1"}],"replies":[{"embeddable":true,"href":"https:\/\/www.sapim.com\/es\/wp-json\/wp\/v2\/comments?post=8436"}],"version-history":[{"count":24,"href":"https:\/\/www.sapim.com\/es\/wp-json\/wp\/v2\/pages\/8436\/revisions"}],"predecessor-version":[{"id":13375,"href":"https:\/\/www.sapim.com\/es\/wp-json\/wp\/v2\/pages\/8436\/revisions\/13375"}],"wp:attachment":[{"href":"https:\/\/www.sapim.com\/es\/wp-json\/wp\/v2\/media?parent=8436"}],"curies":[{"name":"wp","href":"https:\/\/api.w.org\/{rel}","templated":true}]}}