{"id":9336,"date":"2021-11-18T17:06:06","date_gmt":"2021-11-18T16:06:06","guid":{"rendered":"https:\/\/www.sapim.com\/?page_id=9336"},"modified":"2021-11-18T17:06:06","modified_gmt":"2021-11-18T16:06:06","slug":"servicios-de-signos-de-estado-2","status":"publish","type":"page","link":"https:\/\/www.sapim.com\/es\/servicios-de-signos-de-estado-2\/","title":{"rendered":"Servicios de Signos de Estado"},"content":{"rendered":"\t\t<div data-elementor-type=\"wp-page\" data-elementor-id=\"9336\" class=\"elementor elementor-9336 elementor-9334\" data-elementor-post-type=\"page\">\n\t\t\t\t\t\t<section class=\"has_eae_slider elementor-section elementor-top-section elementor-element elementor-element-f985c54 elementor-section-boxed elementor-section-height-default elementor-section-height-default\" data-id=\"f985c54\" data-element_type=\"section\" data-settings=\"{&quot;background_background&quot;:&quot;classic&quot;}\">\n\t\t\t\t\t\t<div class=\"elementor-container elementor-column-gap-default\">\n\t\t\t\t\t<div class=\"has_eae_slider elementor-column elementor-col-58 elementor-top-column elementor-element elementor-element-f986407\" data-id=\"f986407\" data-element_type=\"column\">\n\t\t\t<div class=\"elementor-widget-wrap elementor-element-populated\">\n\t\t\t\t\t\t<div class=\"elementor-element elementor-element-f98694d elementor-widget elementor-widget-text-editor\" data-id=\"f98694d\" data-element_type=\"widget\" data-widget_type=\"text-editor.default\">\n\t\t\t\t<div class=\"elementor-widget-container\">\n\t\t\t\t\t\t\t<p><span style=\"font-family: Montserrat; color: #444444; font-size: 16px; letter-spacing: -0.4px;\">Con el objetivo de hacer buen uso de los signos distintivos de Andorra, como:\u00a0<\/span><\/p>\n\t\t\t\t\t\t<\/div>\n\t\t\t\t<\/div>\n\t\t\t\t<div class=\"elementor-element elementor-element-f987052 elementor-widget elementor-widget-text-editor\" data-id=\"f987052\" data-element_type=\"widget\" data-widget_type=\"text-editor.default\">\n\t\t\t\t<div class=\"elementor-widget-container\">\n\t\t\t\t\t\t\t<blockquote style=\"background-color: #ffffff;\">\n<p><strong>a- <\/strong>El escudo de Andorra<br \/><strong>b-<\/strong> La bandera de Andorra<br \/><strong>c- <\/strong>El nombre de Principat d\u2019Andorra<br \/><strong>d- <\/strong>La forma abreviada del nombre<\/p>\n<ul>\n<li>Principat<br \/>Andorra<br \/>And<\/li>\n<\/ul>\n<p><strong>e- <\/strong>La imitaci\u00f3n del nombre. Sirva de ejemplo, de forma enunciativa pero no exahustiva<\/p>\n<ul>\n<li>andor (prefix o sufix)<br \/>and (prefix o sufix)<br \/>andorrana<br \/>andorranas<br \/>andorrano<br \/>andorrans<br \/>coprincipat<\/li>\n<\/ul>\n<p><strong>f- <\/strong>Los nombres<\/p>\n<ul>\n<li>Govern<br \/>Govern d&#8217;Andorra<br \/>Consell General<\/li>\n<\/ul>\n<p><strong>g- <\/strong>Los adjetivos<\/p>\n<ul>\n<li>estatal<br \/>nacional<br \/>governamental<br \/>oficial<\/li>\n<\/ul>\n<\/blockquote>\n\t\t\t\t\t\t<\/div>\n\t\t\t\t<\/div>\n\t\t\t\t<div class=\"elementor-element elementor-element-1b22609 elementor-widget elementor-widget-text-editor\" data-id=\"1b22609\" data-element_type=\"widget\" data-widget_type=\"text-editor.default\">\n\t\t\t\t<div class=\"elementor-widget-container\">\n\t\t\t\t\t\t\t<p><span style=\"font-family: Montserrat; color: #444444; font-size: 16px; letter-spacing: -0.4px;\">Su utilizaci\u00f3n est\u00e1 sujeta a la obtenci\u00f3n de una autorizaci\u00f3n.<\/span><\/p>\n\t\t\t\t\t\t<\/div>\n\t\t\t\t<\/div>\n\t\t\t\t\t<\/div>\n\t\t<\/div>\n\t\t\t\t<div class=\"has_eae_slider elementor-column elementor-col-41 elementor-top-column elementor-element elementor-element-f987ad7\" data-id=\"f987ad7\" data-element_type=\"column\">\n\t\t\t<div class=\"elementor-widget-wrap elementor-element-populated\">\n\t\t\t\t\t\t<div class=\"elementor-element elementor-element-bee015a elementor-widget elementor-widget-image\" data-id=\"bee015a\" data-element_type=\"widget\" data-widget_type=\"image.default\">\n\t\t\t\t<div class=\"elementor-widget-container\">\n\t\t\t\t\t\t\t\t\t\t\t\t\t<img fetchpriority=\"high\" decoding=\"async\" width=\"800\" height=\"599\" src=\"https:\/\/www.sapim.com\/wp-content\/uploads\/2021\/01\/signes-estat-andorra.jpg\" class=\"attachment-full size-full wp-image-7677\" alt=\"andorra\" srcset=\"https:\/\/www.sapim.com\/wp-content\/uploads\/2021\/01\/signes-estat-andorra.jpg 800w, https:\/\/www.sapim.com\/wp-content\/uploads\/2021\/01\/signes-estat-andorra-300x225.jpg 300w, https:\/\/www.sapim.com\/wp-content\/uploads\/2021\/01\/signes-estat-andorra-768x575.jpg 768w\" sizes=\"(max-width: 800px) 100vw, 800px\" \/>\t\t\t\t\t\t\t\t\t\t\t\t\t<\/div>\n\t\t\t\t<\/div>\n\t\t\t\t<div class=\"elementor-element elementor-element-a65a42a elementor-widget elementor-widget-image\" data-id=\"a65a42a\" data-element_type=\"widget\" data-widget_type=\"image.default\">\n\t\t\t\t<div class=\"elementor-widget-container\">\n\t\t\t\t\t\t\t\t\t\t\t\t\t<img decoding=\"async\" width=\"800\" height=\"599\" src=\"https:\/\/www.sapim.com\/wp-content\/uploads\/2021\/01\/signes-estat-andorra2.jpg\" class=\"attachment-full size-full wp-image-7679\" alt=\"andorra\" srcset=\"https:\/\/www.sapim.com\/wp-content\/uploads\/2021\/01\/signes-estat-andorra2.jpg 800w, https:\/\/www.sapim.com\/wp-content\/uploads\/2021\/01\/signes-estat-andorra2-300x225.jpg 300w, https:\/\/www.sapim.com\/wp-content\/uploads\/2021\/01\/signes-estat-andorra2-768x575.jpg 768w\" sizes=\"(max-width: 800px) 100vw, 800px\" \/>\t\t\t\t\t\t\t\t\t\t\t\t\t<\/div>\n\t\t\t\t<\/div>\n\t\t\t\t\t<\/div>\n\t\t<\/div>\n\t\t\t\t\t<\/div>\n\t\t<\/section>\n\t\t\t\t<section class=\"has_eae_slider elementor-section elementor-top-section elementor-element elementor-element-455f311 third_bg_color elementor-section-boxed elementor-section-height-default elementor-section-height-default\" data-id=\"455f311\" data-element_type=\"section\" data-settings=\"{&quot;background_background&quot;:&quot;classic&quot;}\">\n\t\t\t\t\t\t<div class=\"elementor-container elementor-column-gap-default\">\n\t\t\t\t\t<div class=\"has_eae_slider elementor-column elementor-col-100 elementor-top-column elementor-element elementor-element-b3c950d\" data-id=\"b3c950d\" data-element_type=\"column\">\n\t\t\t<div class=\"elementor-widget-wrap elementor-element-populated\">\n\t\t\t\t\t\t<div class=\"elementor-element elementor-element-a1b3eaf elementor-widget elementor-widget-vc_cta\" data-id=\"a1b3eaf\" data-element_type=\"widget\" data-widget_type=\"vc_cta.default\">\n\t\t\t\t<div class=\"elementor-widget-container\">\n\t\t\t\n<div class=\"ce_cta ce_cta_6be6b7496af72ba6af603ce999c31de1 ce_text_left third_bg_color add_button_right btn_align_right btn_button_block_true btn_has_icon btn_has_icon_on_the_right\" id=\"\">\n\t<div class=\"ce_cta__content\">\n\t\t<div class=\"ce_cta__content__header\">\n\t\t\t<h2  class='ce_cta__content__title '>\u00bfTiene preguntas o proyecto?<\/h2>\t\t<\/div>\n\t\t\t<\/div>\n\n\t\t<div class=\"ce_cta__action\">\n\t\t<a\n\t\t\thref=\"https:\/\/www.sapim.com\/es\/contacto\"\n\t\t\t\t\t\ttarget=\"_self\"\n\t\t\tclass=\"button\n\t\t\t\t\t\">\n\t\t\t<span>contacte con nosotros<\/span>\n\t\t\t\t\t\t<i class=\"fa fa-chevron-right\"><\/i>\n\t\t\t\t\t<\/a>\n\t<\/div>\n\t<\/div>\n\t\t<\/div>\n\t\t\t\t<\/div>\n\t\t\t\t\t<\/div>\n\t\t<\/div>\n\t\t\t\t\t<\/div>\n\t\t<\/section>\n\t\t\t\t<\/div>\n\t\t","protected":false},"excerpt":{"rendered":"<p>Con el objetivo de hacer buen uso de los signos distintivos de Andorra, como: a- El escudo de Andorra b- La bandera de Andorra c- El nombre de Principat d\u2019Andorra d- La forma abreviada del nombre Principat Andorra And e- La imitaci\u00f3n del nombre. Sirva de ejemplo, de forma enunciativa pero no exahustiva andor (prefix<\/p>\n","protected":false},"author":2,"featured_media":0,"parent":0,"menu_order":0,"comment_status":"closed","ping_status":"closed","template":"","meta":{"footnotes":""},"class_list":["post-9336","page","type-page","status-publish","hentry"],"aioseo_notices":[],"_links":{"self":[{"href":"https:\/\/www.sapim.com\/es\/wp-json\/wp\/v2\/pages\/9336"}],"collection":[{"href":"https:\/\/www.sapim.com\/es\/wp-json\/wp\/v2\/pages"}],"about":[{"href":"https:\/\/www.sapim.com\/es\/wp-json\/wp\/v2\/types\/page"}],"author":[{"embeddable":true,"href":"https:\/\/www.sapim.com\/es\/wp-json\/wp\/v2\/users\/2"}],"replies":[{"embeddable":true,"href":"https:\/\/www.sapim.com\/es\/wp-json\/wp\/v2\/comments?post=9336"}],"version-history":[{"count":1,"href":"https:\/\/www.sapim.com\/es\/wp-json\/wp\/v2\/pages\/9336\/revisions"}],"predecessor-version":[{"id":9800,"href":"https:\/\/www.sapim.com\/es\/wp-json\/wp\/v2\/pages\/9336\/revisions\/9800"}],"wp:attachment":[{"href":"https:\/\/www.sapim.com\/es\/wp-json\/wp\/v2\/media?parent=9336"}],"curies":[{"name":"wp","href":"https:\/\/api.w.org\/{rel}","templated":true}]}}