{"id":11984,"date":"2024-10-22T21:21:31","date_gmt":"2024-10-22T19:21:31","guid":{"rendered":"https:\/\/www.sapim.com\/redsys-payment_ok\/"},"modified":"2025-01-30T18:39:27","modified_gmt":"2025-01-30T17:39:27","slug":"redsys-payment_ok","status":"publish","type":"page","link":"https:\/\/www.sapim.com\/fr\/redsys-payment_ok\/","title":{"rendered":"Merci"},"content":{"rendered":"\t\t<div data-elementor-type=\"wp-page\" data-elementor-id=\"11984\" class=\"elementor elementor-11984 elementor-11971\" data-elementor-post-type=\"page\">\n\t\t\t\t\t\t<section class=\"has_eae_slider elementor-section elementor-top-section elementor-element elementor-element-6fcda63 elementor-section-boxed elementor-section-height-default elementor-section-height-default\" data-id=\"6fcda63\" data-element_type=\"section\">\n\t\t\t\t\t\t<div class=\"elementor-container elementor-column-gap-default\">\n\t\t\t\t\t<div class=\"has_eae_slider elementor-column elementor-col-100 elementor-top-column elementor-element elementor-element-e200bad\" data-id=\"e200bad\" data-element_type=\"column\">\n\t\t\t<div class=\"elementor-widget-wrap elementor-element-populated\">\n\t\t\t\t\t\t<div class=\"elementor-element elementor-element-fbaef05 elementor-view-stacked elementor-shape-circle elementor-position-top elementor-mobile-position-top elementor-widget elementor-widget-icon-box\" data-id=\"fbaef05\" data-element_type=\"widget\" data-widget_type=\"icon-box.default\">\n\t\t\t\t<div class=\"elementor-widget-container\">\n\t\t\t\t\t<div class=\"elementor-icon-box-wrapper\">\n\n\t\t\t\t\t\t<div class=\"elementor-icon-box-icon\">\n\t\t\t\t<span  class=\"elementor-icon elementor-animation-\">\n\t\t\t\t<i aria-hidden=\"true\" class=\"fas fa-grin-beam\"><\/i>\t\t\t\t<\/span>\n\t\t\t<\/div>\n\t\t\t\n\t\t\t\t\t\t<div class=\"elementor-icon-box-content\">\n\n\t\t\t\t\t\t\t\t\t<h3 class=\"elementor-icon-box-title\">\n\t\t\t\t\t\t<span  >\n\t\t\t\t\t\t\tMerci!\t\t\t\t\t\t<\/span>\n\t\t\t\t\t<\/h3>\n\t\t\t\t\n\t\t\t\t\t\t\t\t\t<p class=\"elementor-icon-box-description\">\n\t\t\t\t\t\tLe paiement a \u00e9t\u00e9 effectu\u00e9 avec succ\u00e8s et nous proc\u00e9derons \u00e0 l'enregistrement du domaine.\t\t\t\t\t<\/p>\n\t\t\t\t\n\t\t\t<\/div>\n\t\t\t\n\t\t<\/div>\n\t\t\t\t<\/div>\n\t\t\t\t<\/div>\n\t\t\t\t<div class=\"elementor-element elementor-element-34a946c elementor-widget elementor-widget-stm_icon_box\" data-id=\"34a946c\" data-element_type=\"widget\" data-widget_type=\"stm_icon_box.default\">\n\t\t\t\t<div class=\"elementor-widget-container\">\n\t\t\t\t<div class=\"consulting-icon-box boxed-double-icon  content_alignment_left\">\n\t\t<div class=\"consulting-icon-box-wrapper\">\n\t\t\t\t\t\t<div class=\"icon-box-icon\">\n\t\t\t\t<div class=\"icon-box-icon-render\">\n\t\t\t\t\t<i aria-hidden=\"true\" class=\"far fa-envelope\"><\/i>\t\t\t\t<\/div>\n\t\t\t<\/div>\n\t\t\t<div class=\"icon-box-content\">\n\t\t\t\t<div class=\"icon-box-title-wrapper\">\n\t\t\t\t\t\t\t\t\t\t\t<h2 class=\"icon-box-title\">\n\t\t\t\t\t\t\tV\u00e9rifiez votre bo\u00eete de r\u00e9ception\t\t\t\t\t\t<\/h2>\n\t\t\t\t\t\t\t\t\t\t<\/div>\n\t\t\t\t<div class=\"icon-box-description-wrapper\">\n\t\t\t\t\t\t\t\t\t\t\t<p class=\"icon-box-description\">\n\t\t\t\t\t\t\tUn courriel a \u00e9t\u00e9 envoy\u00e9 au titulaire de l'enregistrement et au contact de facturation. Si vous ne le recevez pas, v\u00e9rifiez votre dossier de spam.\t\t\t\t\t\t<\/p>\n\t\t\t\t\t\t\t\t\t\t<\/div>\n\t\t\t\t<div class=\"icon-box-read-more-button-wrapper\">\n\t\t\t\t\t\t\t\t\t<\/div>\n\t\t\t\t<div class=\"icon-box-double-icon\">\n\t\t\t\t\t<i aria-hidden=\"true\" class=\"far fa-envelope\"><\/i>\t\t\t\t<\/div>\n\t\t\t<\/div>\n\t\t<\/div>\n\t<\/div>\n\t\t<\/div>\n\t\t\t\t<\/div>\n\t\t\t\t\t<\/div>\n\t\t<\/div>\n\t\t\t\t\t<\/div>\n\t\t<\/section>\n\t\t\t\t<section class=\"has_eae_slider elementor-section elementor-top-section elementor-element elementor-element-2c62945 elementor-section-stretched elementor-section-boxed elementor-section-height-default elementor-section-height-default\" data-id=\"2c62945\" data-element_type=\"section\" data-settings=\"{&quot;stretch_section&quot;:&quot;section-stretched&quot;,&quot;background_background&quot;:&quot;classic&quot;}\">\n\t\t\t\t\t\t<div class=\"elementor-container elementor-column-gap-default\">\n\t\t\t\t\t<div class=\"has_eae_slider elementor-column elementor-col-100 elementor-top-column elementor-element elementor-element-763e8ed\" data-id=\"763e8ed\" data-element_type=\"column\">\n\t\t\t<div class=\"elementor-widget-wrap elementor-element-populated\">\n\t\t\t\t\t\t<div class=\"elementor-element elementor-element-c9ee3e4 elementor-widget elementor-widget-vc_cta\" data-id=\"c9ee3e4\" data-element_type=\"widget\" data-widget_type=\"vc_cta.default\">\n\t\t\t\t<div class=\"elementor-widget-container\">\n\t\t\t\n<div class=\"ce_cta ce_cta_ce9cdceae728ebfda4e68d4833ade1ff ce_text_left third_bg_color add_button_right btn_align_ btn_button_block_ btn_has_icon btn_has_icon_on_the_right\" id=\"\">\n\t<div class=\"ce_cta__content\">\n\t\t<div class=\"ce_cta__content__header\">\n\t\t\t<h4  class='ce_cta__content__title '>Vous avez des questions ? Contactez-nous<\/h4>\t\t<\/div>\n\t\t\t<\/div>\n\n\t\t<div class=\"ce_cta__action\">\n\t\t<a\n\t\t\thref=\"https:\/\/www.sapim.com\/fr\/contacts\/\"\n\t\t\t\t\t\ttarget=\"_self\"\n\t\t\tclass=\"button\n\t\t\t\t\t\">\n\t\t\t<span>Contactez-nous<\/span>\n\t\t\t\t\t\t<i class=\"fa fa-chevron-right\"><\/i>\n\t\t\t\t\t<\/a>\n\t<\/div>\n\t<\/div>\n\t\t<\/div>\n\t\t\t\t<\/div>\n\t\t\t\t\t<\/div>\n\t\t<\/div>\n\t\t\t\t\t<\/div>\n\t\t<\/section>\n\t\t\t\t<\/div>\n\t\t","protected":false},"excerpt":{"rendered":"<p>Moltes gr\u00e0cies El pagament s&#8217;ha efectuat correctament i procedirem al registre del domini. Revisa el correu S&#8217;ha enviat un correu al titular del registre i al contacte de facturaci\u00f3. En cas de no rebre&#8217;l revisa el correu brossa. Tens algun dubte? Contacta amb nosaltres CONTACTA<\/p>\n","protected":false},"author":1,"featured_media":0,"parent":0,"menu_order":0,"comment_status":"closed","ping_status":"closed","template":"","meta":{"footnotes":""},"class_list":["post-11984","page","type-page","status-publish","hentry"],"aioseo_notices":[],"_links":{"self":[{"href":"https:\/\/www.sapim.com\/fr\/wp-json\/wp\/v2\/pages\/11984"}],"collection":[{"href":"https:\/\/www.sapim.com\/fr\/wp-json\/wp\/v2\/pages"}],"about":[{"href":"https:\/\/www.sapim.com\/fr\/wp-json\/wp\/v2\/types\/page"}],"author":[{"embeddable":true,"href":"https:\/\/www.sapim.com\/fr\/wp-json\/wp\/v2\/users\/1"}],"replies":[{"embeddable":true,"href":"https:\/\/www.sapim.com\/fr\/wp-json\/wp\/v2\/comments?post=11984"}],"version-history":[{"count":4,"href":"https:\/\/www.sapim.com\/fr\/wp-json\/wp\/v2\/pages\/11984\/revisions"}],"predecessor-version":[{"id":11999,"href":"https:\/\/www.sapim.com\/fr\/wp-json\/wp\/v2\/pages\/11984\/revisions\/11999"}],"wp:attachment":[{"href":"https:\/\/www.sapim.com\/fr\/wp-json\/wp\/v2\/media?parent=11984"}],"curies":[{"name":"wp","href":"https:\/\/api.w.org\/{rel}","templated":true}]}}