{"id":8104,"date":"2021-01-07T19:12:06","date_gmt":"2021-01-07T18:12:06","guid":{"rendered":"https:\/\/www.sapim.com\/politica-de-privacitat\/"},"modified":"2021-04-13T14:32:47","modified_gmt":"2021-04-13T12:32:47","slug":"mentions-legales-et-politique-de-confidentialite","status":"publish","type":"page","link":"https:\/\/www.sapim.com\/fr\/mentions-legales-et-politique-de-confidentialite\/","title":{"rendered":"Mentions l\u00e9gales et politique de confidentialit\u00e9"},"content":{"rendered":"\t\t<div data-elementor-type=\"wp-page\" data-elementor-id=\"8104\" class=\"elementor elementor-8104 elementor-3\" data-elementor-post-type=\"page\">\n\t\t\t\t\t\t<section class=\"has_eae_slider elementor-section elementor-top-section elementor-element elementor-element-4b00fdc2 elementor-section-boxed elementor-section-height-default elementor-section-height-default\" data-id=\"4b00fdc2\" data-element_type=\"section\">\n\t\t\t\t\t\t<div class=\"elementor-container elementor-column-gap-default\">\n\t\t\t\t\t<div class=\"has_eae_slider elementor-column elementor-col-100 elementor-top-column elementor-element elementor-element-3bd9ad15\" data-id=\"3bd9ad15\" data-element_type=\"column\">\n\t\t\t<div class=\"elementor-widget-wrap elementor-element-populated\">\n\t\t\t\t\t\t<div class=\"elementor-element elementor-element-5f8100cc elementor-widget elementor-widget-text-editor\" data-id=\"5f8100cc\" data-element_type=\"widget\" data-widget_type=\"text-editor.default\">\n\t\t\t\t<div class=\"elementor-widget-container\">\n\t\t\t\t\t\t\t<h2 style=\"text-align: justify;\">\u00a0<\/h2>\n<p style=\"text-align: justify;\">El lloc Web de Internet \u201csapim.com\u201d i \u201csapim.ad\u201d, es titularitat i \u00e9st\u00e0 administrat per\u00a0<strong>SAPIM, SLU<\/strong>. Les seves dades s\u00f3n,<\/p>\n<p style=\"text-align: justify;\">SAPIM, SLU. (en endavant SAPIM)<br \/>C\/ B. Riberaygua, 39, 4-3<br \/>AD500 Andorra la Vella (Principat d\u2019Andorra)<br \/>Tel. +376 869407<br \/>Fax: +376 869406<\/p>\n<p style=\"text-align: justify;\">Dades Registrals: Registre de Societats del M.I. Govern d\u2019Andorra \u2013 N\u00fam.Registral 6578, Llibre S-25, Foli 229-234<br \/>NRT: A-701734-G<\/p>\n<p style=\"text-align: justify;\">SAPIM est\u00e0 autoritzat o n\u2019\u00e9s titular, de tots els drets de propietat intel\u00b7lectual i industrial dels elements continguts a la p\u00e0gina web (com per exemple: imatges, so, \u00e0udio, v\u00eddeo, programari o textos; marques o logotips, combinacions de colors, estructura i disseny, selecci\u00f3 de materials utilitzats, programes d&#8217;ordinador necessaris per al seu funcionament, acc\u00e9s i \u00fas, etc.).<\/p>\n<p style=\"text-align: justify;\">Queden expressament prohibides la reproducci\u00f3, distribuci\u00f3 i comunicaci\u00f3 p\u00fablica, inclosa la seva modalitat de posada a disposici\u00f3, de la totalitat o part dels continguts d&#8217;aquest lloc web, en qualsevol suport i per qualsevol mitj\u00e0, sense l&#8217;autoritzaci\u00f3 pr\u00e8via i expressa de SAPIM. Vost\u00e8, com a USUARI de la present p\u00e0gina web, es compromet a respectar els drets de Propietat Intel\u00b7lectual i Industrial, titularitat de SAPIM.<\/p>\n<p style=\"text-align: justify;\">Els materials i contingut d&#8217;aquesta lloc web tenen un fi merament informatiu i no poden \u00e9sser considerats com a substitutius d&#8217;assessorament t\u00e8cnic o legal, en les diferents mat\u00e8ries tractades.<\/p>\n<p style=\"text-align: justify;\">A causa de les modificacions legislatives i jurisprudencials, els esmentats materials poden \u00e9sser actualitzats, ra\u00f3 per la qual, per tal de confirmar si els mateixos reflecteixen l&#8217;estat actual de les q\u00fcestions tractades, \u00e9s necessari contactar directament amb els professionals de SAPIM.<\/p>\n<p style=\"text-align: justify;\">SAPIM no es fa responsable dels errors o omissions que poguessin existir en els continguts del lloc web, ni es responsabilitza de qualsevol virus o fallada del sistema.<\/p>\n<p style=\"text-align: justify;\">SAPIM es reserva el dret d&#8217;efectuar sense previ av\u00eds les modificacions que consideri oportunes al lloc web, podent canviar, suprimir o afegir tant els continguts i serveis que es prestin mitjan\u00e7ant aquesta, com la forma en qu\u00e8 apareguin presentats o localitzats a la p\u00e0gina web.<\/p>\n<p style=\"text-align: justify;\"><strong>RECOLLIDA DE DADES ESTAD\u00cdSTIQUES<\/strong><\/p>\n<p style=\"text-align: justify;\">\u00danicament, amb la finalitat d\u2019oferir-li un millor Servei a trav\u00e9s d\u2019aquesta p\u00e0gina i amb l\u2019objectiu de facilitar el seu \u00fas, s\u2019analitzen el nombre de p\u00e0gines visitades, nombre de visites, aix\u00ed com l\u2019activitat i freq\u00fc\u00e8ncia d\u2019utilitzaci\u00f3 dels usuaris. Aquestes dades s\u2019utilitzen amb l\u2019exclusiva finalitat d\u2019obtenir informaci\u00f3 estad\u00edstica an\u00f2nima sobre l\u2019\u00fas del lloc web o per controlar-ne el concret funcionament t\u00e8cnic i es cancel\u00b7len immediatament despr\u00e8s de la seva elaboraci\u00f3.<\/p>\n<p style=\"text-align: justify;\">En cap cas s\u2019utilitzen galetes (cookies) per a l\u2019adquisici\u00f3 de dades personals identificaves de l\u2019usuari ni s\u2019enregistren les seves adreces IP.<\/p>\n<p style=\"text-align: justify;\">Aquesta pol\u00edtica de privacitat \u00e9s d\u2019aplicaci\u00f3 \u00fanica a aquesta p\u00e0gina web i no es garanteix en els accessos a trav\u00e9s d\u2019enlla\u00e7os a d\u2019altres p\u00e0gines web.<\/p>\n<h3 style=\"text-align: justify;\">\u00a0<\/h3>\n\t\t\t\t\t\t<\/div>\n\t\t\t\t<\/div>\n\t\t\t\t\t<\/div>\n\t\t<\/div>\n\t\t\t\t\t<\/div>\n\t\t<\/section>\n\t\t\t\t<\/div>\n\t\t","protected":false},"excerpt":{"rendered":"<p>\u00a0 El lloc Web de Internet \u201csapim.com\u201d i \u201csapim.ad\u201d, es titularitat i \u00e9st\u00e0 administrat per\u00a0SAPIM, SLU. Les seves dades s\u00f3n, SAPIM, SLU. (en endavant SAPIM)C\/ B. Riberaygua, 39, 4-3AD500 Andorra la Vella (Principat d\u2019Andorra)Tel. +376 869407Fax: +376 869406 Dades Registrals: Registre de Societats del M.I. Govern d\u2019Andorra \u2013 N\u00fam.Registral 6578, Llibre S-25, Foli 229-234NRT: A-701734-G<\/p>\n","protected":false},"author":1,"featured_media":0,"parent":0,"menu_order":0,"comment_status":"closed","ping_status":"closed","template":"","meta":{"footnotes":""},"class_list":["post-8104","page","type-page","status-publish","hentry"],"aioseo_notices":[],"_links":{"self":[{"href":"https:\/\/www.sapim.com\/fr\/wp-json\/wp\/v2\/pages\/8104"}],"collection":[{"href":"https:\/\/www.sapim.com\/fr\/wp-json\/wp\/v2\/pages"}],"about":[{"href":"https:\/\/www.sapim.com\/fr\/wp-json\/wp\/v2\/types\/page"}],"author":[{"embeddable":true,"href":"https:\/\/www.sapim.com\/fr\/wp-json\/wp\/v2\/users\/1"}],"replies":[{"embeddable":true,"href":"https:\/\/www.sapim.com\/fr\/wp-json\/wp\/v2\/comments?post=8104"}],"version-history":[{"count":5,"href":"https:\/\/www.sapim.com\/fr\/wp-json\/wp\/v2\/pages\/8104\/revisions"}],"predecessor-version":[{"id":9235,"href":"https:\/\/www.sapim.com\/fr\/wp-json\/wp\/v2\/pages\/8104\/revisions\/9235"}],"wp:attachment":[{"href":"https:\/\/www.sapim.com\/fr\/wp-json\/wp\/v2\/media?parent=8104"}],"curies":[{"name":"wp","href":"https:\/\/api.w.org\/{rel}","templated":true}]}}