{"id":8318,"date":"2019-11-21T12:03:42","date_gmt":"2019-11-21T11:03:42","guid":{"rendered":"https:\/\/www.sapim.com\/faqs\/"},"modified":"2025-03-14T23:51:03","modified_gmt":"2025-03-14T22:51:03","slug":"faqs-fr","status":"publish","type":"page","link":"https:\/\/www.sapim.com\/fr\/faqs-fr\/","title":{"rendered":"Questions fr\u00e9quemment pos\u00e9es"},"content":{"rendered":"\t\t<div data-elementor-type=\"wp-page\" data-elementor-id=\"8318\" class=\"elementor elementor-8318 elementor-6168\" data-elementor-post-type=\"page\">\n\t\t\t\t\t\t<section class=\"has_eae_slider elementor-section elementor-top-section elementor-element elementor-element-d291a2a elementor-section-boxed elementor-section-height-default elementor-section-height-default\" data-id=\"d291a2a\" data-element_type=\"section\">\n\t\t\t\t\t\t<div class=\"elementor-container elementor-column-gap-default\">\n\t\t\t\t\t<div class=\"has_eae_slider elementor-column elementor-col-100 elementor-top-column elementor-element elementor-element-d292207\" data-id=\"d292207\" data-element_type=\"column\">\n\t\t\t<div class=\"elementor-widget-wrap elementor-element-populated\">\n\t\t\t\t\t\t<div class=\"elementor-element elementor-element-d2927cc elementor-widget elementor-widget-vc_custom_heading\" data-id=\"d2927cc\" data-element_type=\"widget\" data-widget_type=\"vc_custom_heading.default\">\n\t\t\t\t<div class=\"elementor-widget-container\">\n\t\t\t<div class=\" vc_custom_heading  consulting_heading_font  text_align_left\" ><h2 style=\"text-align: left;font-weight:700\" class=\"consulting-custom-title\">Questions fr\u00e9quemment pos\u00e9es<\/h2><\/div>\t\t<\/div>\n\t\t\t\t<\/div>\n\t\t\t\t<div class=\"elementor-element elementor-element-6d438a4 elementor-widget elementor-widget-accordion\" data-id=\"6d438a4\" data-element_type=\"widget\" data-widget_type=\"accordion.default\">\n\t\t\t\t<div class=\"elementor-widget-container\">\n\t\t\t\t\t<div class=\"elementor-accordion\">\n\t\t\t\t\t\t\t<div class=\"elementor-accordion-item\">\n\t\t\t\t\t<div id=\"elementor-tab-title-1141\" class=\"elementor-tab-title\" data-tab=\"1\" role=\"button\" aria-controls=\"elementor-tab-content-1141\" aria-expanded=\"false\">\n\t\t\t\t\t\t\t\t\t\t\t\t\t<span class=\"elementor-accordion-icon elementor-accordion-icon-left\" aria-hidden=\"true\">\n\t\t\t\t\t\t\t\t\t\t\t\t\t\t\t<span class=\"elementor-accordion-icon-closed\"><i class=\"fas fa-plus\"><\/i><\/span>\n\t\t\t\t\t\t\t\t<span class=\"elementor-accordion-icon-opened\"><i class=\"fas fa-minus\"><\/i><\/span>\n\t\t\t\t\t\t\t\t\t\t\t\t\t\t<\/span>\n\t\t\t\t\t\t\t\t\t\t\t\t<a class=\"elementor-accordion-title\" tabindex=\"0\">Est-il n\u00e9cessaire d\u2019avoir un Pouvoir ou une autorisation afin qu'un titulaire soit repr\u00e9sent\u00e9 aupr\u00e8s de l\u2019OMPA ?<\/a>\n\t\t\t\t\t<\/div>\n\t\t\t\t\t<div id=\"elementor-tab-content-1141\" class=\"elementor-tab-content elementor-clearfix\" data-tab=\"1\" role=\"region\" aria-labelledby=\"elementor-tab-title-1141\"><p>Tout titulaire d\u2019une marque ou d\u2019un brevet, repr\u00e9sent\u00e9 aupr\u00e8s de l&#8217;OMPA par un mandataire accr\u00e9dit\u00e9 ou un agent de brevet, doit indispensablement signer une autorisation en sa faveur de fa\u00e7on \u00e0 \u00eatre repr\u00e9sent\u00e9. Il n\u2019est pas n\u00e9cessaire de faire l\u00e9galiser la signature et celle-ci peut \u00eatre num\u00e9rique. Cliquez sur le lien ci-dessous pour voir un mod\u00e8le de Pouvoir : <br \/><b><a href=\"https:\/\/www.sapim.com\/wp-content\/uploads\/2025\/03\/12-PoA-Marques-FR.docx\" target=\"_blank\" rel=\"noopener\">Pouvoir de Marques<\/a><br \/><a href=\"https:\/\/www.sapim.com\/wp-content\/uploads\/2025\/03\/13-PoA-Brevets-FR.docx\" target=\"_blank\" rel=\"noopener\">Pouvoir de Brevets<\/a><\/b><\/p>\n<\/div>\n\t\t\t\t<\/div>\n\t\t\t\t\t\t\t<div class=\"elementor-accordion-item\">\n\t\t\t\t\t<div id=\"elementor-tab-title-1142\" class=\"elementor-tab-title\" data-tab=\"2\" role=\"button\" aria-controls=\"elementor-tab-content-1142\" aria-expanded=\"false\">\n\t\t\t\t\t\t\t\t\t\t\t\t\t<span class=\"elementor-accordion-icon elementor-accordion-icon-left\" aria-hidden=\"true\">\n\t\t\t\t\t\t\t\t\t\t\t\t\t\t\t<span class=\"elementor-accordion-icon-closed\"><i class=\"fas fa-plus\"><\/i><\/span>\n\t\t\t\t\t\t\t\t<span class=\"elementor-accordion-icon-opened\"><i class=\"fas fa-minus\"><\/i><\/span>\n\t\t\t\t\t\t\t\t\t\t\t\t\t\t<\/span>\n\t\t\t\t\t\t\t\t\t\t\t\t<a class=\"elementor-accordion-title\" tabindex=\"0\">Comment libeller les produits et\/ou services revendiqu\u00e9s dans une demande de d\u00e9p\u00f4t de marque ?<\/a>\n\t\t\t\t\t<\/div>\n\t\t\t\t\t<div id=\"elementor-tab-content-1142\" class=\"elementor-tab-content elementor-clearfix\" data-tab=\"2\" role=\"region\" aria-labelledby=\"elementor-tab-title-1142\"><p>Les produ\u00efts et\/ou services revendiqu\u00e9s dans un d\u00e9p\u00f4t de marque doivent \u00eatre class\u00e9s selon la <strong><a href=\"https:\/\/www.wipo.int\/classifications\/nice\/fr\/index.html\" target=\"_blank\" rel=\"noopener\">classification internationale de Nice<\/a><\/strong>. L\u2019 \u00e9nonc\u00e9 doit correspondre exactement au libell\u00e9 figurant dans cette classification, co\u00efncider avec un enregistrement ant\u00e9rieur d\u2019 une marque andorrane ou avec un enregistrement de marque aupr\u00e8s de l\u2019 OMPI.<br \/>Si l\u2019 on souhaite revendiquer un \u00e9nonc\u00e9 diff\u00e9rent de ces trois possibilit\u00e9s, celui-ci devra \u00eatre classifi\u00e9 par l\u2019 OMPA, moyennant le paiement des taxes correspondantes.<\/p>\n<\/div>\n\t\t\t\t<\/div>\n\t\t\t\t\t\t\t<div class=\"elementor-accordion-item\">\n\t\t\t\t\t<div id=\"elementor-tab-title-1143\" class=\"elementor-tab-title\" data-tab=\"3\" role=\"button\" aria-controls=\"elementor-tab-content-1143\" aria-expanded=\"false\">\n\t\t\t\t\t\t\t\t\t\t\t\t\t<span class=\"elementor-accordion-icon elementor-accordion-icon-left\" aria-hidden=\"true\">\n\t\t\t\t\t\t\t\t\t\t\t\t\t\t\t<span class=\"elementor-accordion-icon-closed\"><i class=\"fas fa-plus\"><\/i><\/span>\n\t\t\t\t\t\t\t\t<span class=\"elementor-accordion-icon-opened\"><i class=\"fas fa-minus\"><\/i><\/span>\n\t\t\t\t\t\t\t\t\t\t\t\t\t\t<\/span>\n\t\t\t\t\t\t\t\t\t\t\t\t<a class=\"elementor-accordion-title\" tabindex=\"0\">Quels sont les droits de marques et brevets reconnus en Andorre ?<\/a>\n\t\t\t\t\t<\/div>\n\t\t\t\t\t<div id=\"elementor-tab-content-1143\" class=\"elementor-tab-content elementor-clearfix\" data-tab=\"3\" role=\"region\" aria-labelledby=\"elementor-tab-title-1143\"><p>Les seuls droits de marqus et de brevets reconnus en Andorre proviennent du d\u00e9p\u00f4t d\u2019enregistrements effectu\u00e9 aupr\u00e8s du Bureau des Marques et Brevets d&#8217;Andorre (OMPA).<\/p>\n<\/div>\n\t\t\t\t<\/div>\n\t\t\t\t\t\t\t<div class=\"elementor-accordion-item\">\n\t\t\t\t\t<div id=\"elementor-tab-title-1144\" class=\"elementor-tab-title\" data-tab=\"4\" role=\"button\" aria-controls=\"elementor-tab-content-1144\" aria-expanded=\"false\">\n\t\t\t\t\t\t\t\t\t\t\t\t\t<span class=\"elementor-accordion-icon elementor-accordion-icon-left\" aria-hidden=\"true\">\n\t\t\t\t\t\t\t\t\t\t\t\t\t\t\t<span class=\"elementor-accordion-icon-closed\"><i class=\"fas fa-plus\"><\/i><\/span>\n\t\t\t\t\t\t\t\t<span class=\"elementor-accordion-icon-opened\"><i class=\"fas fa-minus\"><\/i><\/span>\n\t\t\t\t\t\t\t\t\t\t\t\t\t\t<\/span>\n\t\t\t\t\t\t\t\t\t\t\t\t<a class=\"elementor-accordion-title\" tabindex=\"0\">Est-il n\u00e9cessaire d\u2019enregistrer les modifications de propri\u00e9t\u00e9 d'une marque ou d'un brevet ?<\/a>\n\t\t\t\t\t<\/div>\n\t\t\t\t\t<div id=\"elementor-tab-content-1144\" class=\"elementor-tab-content elementor-clearfix\" data-tab=\"4\" role=\"region\" aria-labelledby=\"elementor-tab-title-1144\"><p>Comme pour tout droit, dans ce cas mobilier, il est recommand\u00e9 d\u2019enregistrer tout changement de propri\u00e9t\u00e9.<\/p>\n<\/div>\n\t\t\t\t<\/div>\n\t\t\t\t\t\t\t<div class=\"elementor-accordion-item\">\n\t\t\t\t\t<div id=\"elementor-tab-title-1145\" class=\"elementor-tab-title\" data-tab=\"5\" role=\"button\" aria-controls=\"elementor-tab-content-1145\" aria-expanded=\"false\">\n\t\t\t\t\t\t\t\t\t\t\t\t\t<span class=\"elementor-accordion-icon elementor-accordion-icon-left\" aria-hidden=\"true\">\n\t\t\t\t\t\t\t\t\t\t\t\t\t\t\t<span class=\"elementor-accordion-icon-closed\"><i class=\"fas fa-plus\"><\/i><\/span>\n\t\t\t\t\t\t\t\t<span class=\"elementor-accordion-icon-opened\"><i class=\"fas fa-minus\"><\/i><\/span>\n\t\t\t\t\t\t\t\t\t\t\t\t\t\t<\/span>\n\t\t\t\t\t\t\t\t\t\t\t\t<a class=\"elementor-accordion-title\" tabindex=\"0\">Peut-on enregistrer des changements d'adresse, de forme juridique, de nom aupr\u00e8s du Bureau des Marques (OMPA) ?<\/a>\n\t\t\t\t\t<\/div>\n\t\t\t\t\t<div id=\"elementor-tab-content-1145\" class=\"elementor-tab-content elementor-clearfix\" data-tab=\"5\" role=\"region\" aria-labelledby=\"elementor-tab-title-1145\"><p>Il est recommand\u00e9 d\u2019inscrire tout changement susceptible d\u2019affecter le propri\u00e9taire d&#8217;un enregistrement de marque ou de brevet, afin de pouvoir identifier ce dernier avec certitude.<\/p>\n<\/div>\n\t\t\t\t<\/div>\n\t\t\t\t\t\t\t<div class=\"elementor-accordion-item\">\n\t\t\t\t\t<div id=\"elementor-tab-title-1146\" class=\"elementor-tab-title\" data-tab=\"6\" role=\"button\" aria-controls=\"elementor-tab-content-1146\" aria-expanded=\"false\">\n\t\t\t\t\t\t\t\t\t\t\t\t\t<span class=\"elementor-accordion-icon elementor-accordion-icon-left\" aria-hidden=\"true\">\n\t\t\t\t\t\t\t\t\t\t\t\t\t\t\t<span class=\"elementor-accordion-icon-closed\"><i class=\"fas fa-plus\"><\/i><\/span>\n\t\t\t\t\t\t\t\t<span class=\"elementor-accordion-icon-opened\"><i class=\"fas fa-minus\"><\/i><\/span>\n\t\t\t\t\t\t\t\t\t\t\t\t\t\t<\/span>\n\t\t\t\t\t\t\t\t\t\t\t\t<a class=\"elementor-accordion-title\" tabindex=\"0\">Lorsqu'une marque enregistr\u00e9e en Andorre n'est pas utilis\u00e9e, est-il possible d\u2019en demander la r\u00e9vocation ?<\/a>\n\t\t\t\t\t<\/div>\n\t\t\t\t\t<div id=\"elementor-tab-content-1146\" class=\"elementor-tab-content elementor-clearfix\" data-tab=\"6\" role=\"region\" aria-labelledby=\"elementor-tab-title-1146\"><p>Une tierce personne ayant un int\u00e9r\u00eat l\u00e9gitime peut demander la r\u00e9vocation d\u2019une marque dans le cas o\u00f9 le propri\u00e9taire, sans motifs licites ne l&#8217;aurait pas utilis\u00e9e au cours des cinq derni\u00e8res ann\u00e9es pr\u00e9c\u00e9dant la demande aupr\u00e8s des tribunaux andorrans.<\/p>\n<\/div>\n\t\t\t\t<\/div>\n\t\t\t\t\t\t\t<div class=\"elementor-accordion-item\">\n\t\t\t\t\t<div id=\"elementor-tab-title-1147\" class=\"elementor-tab-title\" data-tab=\"7\" role=\"button\" aria-controls=\"elementor-tab-content-1147\" aria-expanded=\"false\">\n\t\t\t\t\t\t\t\t\t\t\t\t\t<span class=\"elementor-accordion-icon elementor-accordion-icon-left\" aria-hidden=\"true\">\n\t\t\t\t\t\t\t\t\t\t\t\t\t\t\t<span class=\"elementor-accordion-icon-closed\"><i class=\"fas fa-plus\"><\/i><\/span>\n\t\t\t\t\t\t\t\t<span class=\"elementor-accordion-icon-opened\"><i class=\"fas fa-minus\"><\/i><\/span>\n\t\t\t\t\t\t\t\t\t\t\t\t\t\t<\/span>\n\t\t\t\t\t\t\t\t\t\t\t\t<a class=\"elementor-accordion-title\" tabindex=\"0\">Doit-on payer des taxes de concession pour l\u2019inscription au registre des marques ?<\/a>\n\t\t\t\t\t<\/div>\n\t\t\t\t\t<div id=\"elementor-tab-content-1147\" class=\"elementor-tab-content elementor-clearfix\" data-tab=\"7\" role=\"region\" aria-labelledby=\"elementor-tab-title-1147\"><p>Non, au moment o\u00f9 une demande est enregistr\u00e9e comme marque d\u00e9pos\u00e9e, l\u2019OMPA \u00e9met un certificat d&#8217;inscription sign\u00e9 \u00e9lectroniquement sans frais suppl\u00e9mentaires.<\/p>\n<\/div>\n\t\t\t\t<\/div>\n\t\t\t\t\t\t\t<div class=\"elementor-accordion-item\">\n\t\t\t\t\t<div id=\"elementor-tab-title-1148\" class=\"elementor-tab-title\" data-tab=\"8\" role=\"button\" aria-controls=\"elementor-tab-content-1148\" aria-expanded=\"false\">\n\t\t\t\t\t\t\t\t\t\t\t\t\t<span class=\"elementor-accordion-icon elementor-accordion-icon-left\" aria-hidden=\"true\">\n\t\t\t\t\t\t\t\t\t\t\t\t\t\t\t<span class=\"elementor-accordion-icon-closed\"><i class=\"fas fa-plus\"><\/i><\/span>\n\t\t\t\t\t\t\t\t<span class=\"elementor-accordion-icon-opened\"><i class=\"fas fa-minus\"><\/i><\/span>\n\t\t\t\t\t\t\t\t\t\t\t\t\t\t<\/span>\n\t\t\t\t\t\t\t\t\t\t\t\t<a class=\"elementor-accordion-title\" tabindex=\"0\">Que se passe-t-il si une marque n'a pas \u00e9t\u00e9 renouvel\u00e9e ou une annualit\u00e9 de brevet n\u2019a pas \u00e9t\u00e9 pay\u00e9e avant son expiration ?<\/a>\n\t\t\t\t\t<\/div>\n\t\t\t\t\t<div id=\"elementor-tab-content-1148\" class=\"elementor-tab-content elementor-clearfix\" data-tab=\"8\" role=\"region\" aria-labelledby=\"elementor-tab-title-1148\"><p>Dans le cas des marques celles-ci peuvent \u00eatre renouvel\u00e9es pendant un d\u00e9lai de gr\u00e2ce de six mois apr\u00e8s la date d&#8217;expiration, moyennant une plus-value de 50% sur la taxe officielle.<\/p>\n<p>Dans le cas des brevets, les annualit\u00e9s peuvent \u00eatre renouvel\u00e9es jusqu\u2019\u00e0 12 mois apr\u00e8s leur date d&#8217;expiration, par le paiement d\u2019une plus-value qui d\u00e9pendra du temps \u00e9coul\u00e9 depuis la date l\u2019expiration.<\/p>\n<\/div>\n\t\t\t\t<\/div>\n\t\t\t\t\t\t\t<div class=\"elementor-accordion-item\">\n\t\t\t\t\t<div id=\"elementor-tab-title-1149\" class=\"elementor-tab-title\" data-tab=\"9\" role=\"button\" aria-controls=\"elementor-tab-content-1149\" aria-expanded=\"false\">\n\t\t\t\t\t\t\t\t\t\t\t\t\t<span class=\"elementor-accordion-icon elementor-accordion-icon-left\" aria-hidden=\"true\">\n\t\t\t\t\t\t\t\t\t\t\t\t\t\t\t<span class=\"elementor-accordion-icon-closed\"><i class=\"fas fa-plus\"><\/i><\/span>\n\t\t\t\t\t\t\t\t<span class=\"elementor-accordion-icon-opened\"><i class=\"fas fa-minus\"><\/i><\/span>\n\t\t\t\t\t\t\t\t\t\t\t\t\t\t<\/span>\n\t\t\t\t\t\t\t\t\t\t\t\t<a class=\"elementor-accordion-title\" tabindex=\"0\">Quand il y a un conflit entre deux marques, o\u00f9 devrait-il \u00eatre r\u00e9solu ?<\/a>\n\t\t\t\t\t<\/div>\n\t\t\t\t\t<div id=\"elementor-tab-content-1149\" class=\"elementor-tab-content elementor-clearfix\" data-tab=\"9\" role=\"region\" aria-labelledby=\"elementor-tab-title-1149\"><p>Au-del\u00e0 des accords \u00e0 l\u2019amiable entre les parties, tout diff\u00e9rend doit \u00eatre r\u00e9solu aupr\u00e8s de la Cour de Justice andorrane (Batllia), suivant une proc\u00e9dure abr\u00e9g\u00e9e.<\/p>\n<\/div>\n\t\t\t\t<\/div>\n\t\t\t\t\t\t\t<div class=\"elementor-accordion-item\">\n\t\t\t\t\t<div id=\"elementor-tab-title-11410\" class=\"elementor-tab-title\" data-tab=\"10\" role=\"button\" aria-controls=\"elementor-tab-content-11410\" aria-expanded=\"false\">\n\t\t\t\t\t\t\t\t\t\t\t\t\t<span class=\"elementor-accordion-icon elementor-accordion-icon-left\" aria-hidden=\"true\">\n\t\t\t\t\t\t\t\t\t\t\t\t\t\t\t<span class=\"elementor-accordion-icon-closed\"><i class=\"fas fa-plus\"><\/i><\/span>\n\t\t\t\t\t\t\t\t<span class=\"elementor-accordion-icon-opened\"><i class=\"fas fa-minus\"><\/i><\/span>\n\t\t\t\t\t\t\t\t\t\t\t\t\t\t<\/span>\n\t\t\t\t\t\t\t\t\t\t\t\t<a class=\"elementor-accordion-title\" tabindex=\"0\">Comment enregistrer le domain.ad?<\/a>\n\t\t\t\t\t<\/div>\n\t\t\t\t\t<div id=\"elementor-tab-content-11410\" class=\"elementor-tab-content elementor-clearfix\" data-tab=\"10\" role=\"region\" aria-labelledby=\"elementor-tab-title-11410\"><p>Enregistrez votre domain.ad avec Sapim de mani\u00e8re simple et rapide. Il vous suffit de <a href=\"https:\/\/www.sapim.com\/fr\/services-domaine-ad\/\">v\u00e9rifier sa <\/a>disponibilit\u00e9 et acc\u00e9der au <a href=\"https:\/\/www.sapim.com\/fr\/services-domaine-ad\/\">formulaire<\/a> suivant.<\/p>\n<\/div>\n\t\t\t\t<\/div>\n\t\t\t\t\t\t\t\t<\/div>\n\t\t\t\t<\/div>\n\t\t\t\t<\/div>\n\t\t\t\t<div class=\"elementor-element elementor-element-b023143 elementor-widget elementor-widget-spacer\" data-id=\"b023143\" data-element_type=\"widget\" data-widget_type=\"spacer.default\">\n\t\t\t\t<div class=\"elementor-widget-container\">\n\t\t\t\t\t<div class=\"elementor-spacer\">\n\t\t\t<div class=\"elementor-spacer-inner\"><\/div>\n\t\t<\/div>\n\t\t\t\t<\/div>\n\t\t\t\t<\/div>\n\t\t\t\t\t<\/div>\n\t\t<\/div>\n\t\t\t\t\t<\/div>\n\t\t<\/section>\n\t\t\t\t<section class=\"has_eae_slider elementor-section elementor-top-section elementor-element elementor-element-9b0fdf1 third_bg_color elementor-section-boxed elementor-section-height-default elementor-section-height-default\" data-id=\"9b0fdf1\" data-element_type=\"section\" data-settings=\"{&quot;background_background&quot;:&quot;classic&quot;}\">\n\t\t\t\t\t\t<div class=\"elementor-container elementor-column-gap-default\">\n\t\t\t\t\t<div class=\"has_eae_slider elementor-column elementor-col-100 elementor-top-column elementor-element elementor-element-cdebb6e\" data-id=\"cdebb6e\" data-element_type=\"column\">\n\t\t\t<div class=\"elementor-widget-wrap elementor-element-populated\">\n\t\t\t\t\t\t<div class=\"elementor-element elementor-element-be2403d elementor-widget elementor-widget-vc_cta\" data-id=\"be2403d\" data-element_type=\"widget\" data-widget_type=\"vc_cta.default\">\n\t\t\t\t<div class=\"elementor-widget-container\">\n\t\t\t\n<div class=\"ce_cta ce_cta_9da102f9d19ad6f5d63594b8272acd91 ce_text_left third_bg_color add_button_right btn_align_right btn_button_block_true btn_has_icon btn_has_icon_on_the_right\" id=\"\">\n\t<div class=\"ce_cta__content\">\n\t\t<div class=\"ce_cta__content__header\">\n\t\t\t<h2  class='ce_cta__content__title '>Vous avez des questions ou un projet ?<\/h2>\t\t<\/div>\n\t\t\t<\/div>\n\n\t\t<div class=\"ce_cta__action\">\n\t\t<a\n\t\t\thref=\"https:\/\/www.sapim.com\/fr\/contacts\"\n\t\t\t\t\t\ttarget=\"_self\"\n\t\t\tclass=\"button\n\t\t\t\t\t\">\n\t\t\t<span>Contactez-nous<\/span>\n\t\t\t\t\t\t<i class=\"fa fa-chevron-right\"><\/i>\n\t\t\t\t\t<\/a>\n\t<\/div>\n\t<\/div>\n\t\t<\/div>\n\t\t\t\t<\/div>\n\t\t\t\t\t<\/div>\n\t\t<\/div>\n\t\t\t\t\t<\/div>\n\t\t<\/section>\n\t\t\t\t<\/div>\n\t\t","protected":false},"excerpt":{"rendered":"<p>Questions fr\u00e9quemment pos\u00e9es Est-il n\u00e9cessaire d\u2019avoir un Pouvoir ou une autorisation afin qu&#8217;un titulaire soit repr\u00e9sent\u00e9 aupr\u00e8s de l\u2019OMPA ? Tout titulaire d\u2019une marque ou d\u2019un brevet, repr\u00e9sent\u00e9 aupr\u00e8s de l&#8217;OMPA par un mandataire accr\u00e9dit\u00e9 ou un agent de brevet, doit indispensablement signer une autorisation en sa faveur de fa\u00e7on \u00e0 \u00eatre repr\u00e9sent\u00e9. Il n\u2019est<\/p>\n","protected":false},"author":1,"featured_media":0,"parent":0,"menu_order":0,"comment_status":"closed","ping_status":"closed","template":"","meta":{"footnotes":""},"class_list":["post-8318","page","type-page","status-publish","hentry"],"aioseo_notices":[],"_links":{"self":[{"href":"https:\/\/www.sapim.com\/fr\/wp-json\/wp\/v2\/pages\/8318"}],"collection":[{"href":"https:\/\/www.sapim.com\/fr\/wp-json\/wp\/v2\/pages"}],"about":[{"href":"https:\/\/www.sapim.com\/fr\/wp-json\/wp\/v2\/types\/page"}],"author":[{"embeddable":true,"href":"https:\/\/www.sapim.com\/fr\/wp-json\/wp\/v2\/users\/1"}],"replies":[{"embeddable":true,"href":"https:\/\/www.sapim.com\/fr\/wp-json\/wp\/v2\/comments?post=8318"}],"version-history":[{"count":19,"href":"https:\/\/www.sapim.com\/fr\/wp-json\/wp\/v2\/pages\/8318\/revisions"}],"predecessor-version":[{"id":13454,"href":"https:\/\/www.sapim.com\/fr\/wp-json\/wp\/v2\/pages\/8318\/revisions\/13454"}],"wp:attachment":[{"href":"https:\/\/www.sapim.com\/fr\/wp-json\/wp\/v2\/media?parent=8318"}],"curies":[{"name":"wp","href":"https:\/\/api.w.org\/{rel}","templated":true}]}}