{"id":8354,"date":"2021-01-15T17:54:34","date_gmt":"2021-01-15T16:54:34","guid":{"rendered":"https:\/\/www.sapim.com\/serveis-dominis-ad\/"},"modified":"2024-10-29T21:36:49","modified_gmt":"2024-10-29T20:36:49","slug":"services-domaine-ad","status":"publish","type":"page","link":"https:\/\/www.sapim.com\/fr\/services-domaine-ad\/","title":{"rendered":"Nom de domaine .ad"},"content":{"rendered":"\t\t<div data-elementor-type=\"wp-page\" data-elementor-id=\"8354\" class=\"elementor elementor-8354 elementor-7604\" data-elementor-post-type=\"page\">\n\t\t\t\t\t\t<section class=\"has_eae_slider elementor-section elementor-top-section elementor-element elementor-element-0de9896 elementor-section-boxed elementor-section-height-default elementor-section-height-default\" data-id=\"0de9896\" data-element_type=\"section\">\n\t\t\t\t\t\t<div class=\"elementor-container elementor-column-gap-default\">\n\t\t\t\t\t<div class=\"has_eae_slider elementor-column elementor-col-100 elementor-top-column elementor-element elementor-element-694a88c\" data-id=\"694a88c\" data-element_type=\"column\">\n\t\t\t<div class=\"elementor-widget-wrap\">\n\t\t\t\t\t\t\t<\/div>\n\t\t<\/div>\n\t\t\t\t\t<\/div>\n\t\t<\/section>\n\t\t\t\t<section class=\"has_eae_slider elementor-section elementor-top-section elementor-element elementor-element-f985c54 elementor-reverse-mobile elementor-section-boxed elementor-section-height-default elementor-section-height-default\" data-id=\"f985c54\" data-element_type=\"section\" data-settings=\"{&quot;background_background&quot;:&quot;classic&quot;}\">\n\t\t\t\t\t\t<div class=\"elementor-container elementor-column-gap-default\">\n\t\t\t\t\t<div class=\"has_eae_slider elementor-column elementor-col-58 elementor-top-column elementor-element elementor-element-f986407\" data-id=\"f986407\" data-element_type=\"column\">\n\t\t\t<div class=\"elementor-widget-wrap elementor-element-populated\">\n\t\t\t\t\t\t<div class=\"elementor-element elementor-element-f988dcb elementor-widget elementor-widget-vc_custom_heading\" data-id=\"f988dcb\" data-element_type=\"widget\" data-widget_type=\"vc_custom_heading.default\">\n\t\t\t\t<div class=\"elementor-widget-container\">\n\t\t\t<div class=\" vc_custom_heading  consulting_heading_font  text_align_left\" ><h2 style=\"text-align: left;font-weight:700\" class=\"consulting-custom-title\">Nouveau R\u00e8glement du Domaine Primaire \".ad\"\n<\/h2><\/div>\t\t<\/div>\n\t\t\t\t<\/div>\n\t\t\t\t<div class=\"elementor-element elementor-element-f986cef elementor-widget elementor-widget-text-editor\" data-id=\"f986cef\" data-element_type=\"widget\" data-widget_type=\"text-editor.default\">\n\t\t\t\t<div class=\"elementor-widget-container\">\n\t\t\t\t\t\t\t<ul>\n<li><span style=\"caret-color: #444444; color: #444444; font-family: Montserrat; font-size: 16px; letter-spacing: -0.4000000059604645px;\"><span style=\"color: #808000;\"><strong>Phase de Disponibilit\u00e9 G\u00e9nerale<\/strong><\/span> \u00e0 partir du 22\/10\/2024.\u00a0<\/span><\/li>\n<\/ul>\n<p><span style=\"caret-color: #444444; color: #444444; font-family: Montserrat; font-size: 16px; letter-spacing: -0.4000000059604645px;\">Premier arriv\u00e9, premier servi.\u00a0<\/span><\/p>\n<p><span style=\"caret-color: #444444; color: #444444; font-family: Montserrat; font-size: 16px; letter-spacing: -0.4000000059604645px;\">Andorra Telecom, l&#8217;organe r\u00e9gulateur du domaine &#8220;.ad&#8221;, se r\u00e9serve le droit de rejeter, suspendre ou annuler tout domaine inscrit qui, \u00e0 son avis, ne respecte pas la r\u00e9glementation. Dans ce cas, le montant de l&#8217;enregistrement pr\u00e9c\u00e9demment pay\u00e9 sera rembours\u00e9.\u00a0<\/span><\/p>\n<p style=\"margin: 0cm; font-size: 11pt; font-family: Calibri, sans-serif; caret-color: #000000; color: #000000;\">\u00a0<\/p>\n\t\t\t\t\t\t<\/div>\n\t\t\t\t<\/div>\n\t\t\t\t\t<\/div>\n\t\t<\/div>\n\t\t\t\t<div class=\"has_eae_slider elementor-column elementor-col-41 elementor-top-column elementor-element elementor-element-f987ad7\" data-id=\"f987ad7\" data-element_type=\"column\">\n\t\t\t<div class=\"elementor-widget-wrap elementor-element-populated\">\n\t\t\t\t\t\t<div class=\"elementor-element elementor-element-614ad8c elementor-widget elementor-widget-heading\" data-id=\"614ad8c\" data-element_type=\"widget\" data-widget_type=\"heading.default\">\n\t\t\t\t<div class=\"elementor-widget-container\">\n\t\t\t<h2 class=\"elementor-heading-title elementor-size-default\">Trouvez votre domaine .ad<\/h2>\t\t<\/div>\n\t\t\t\t<\/div>\n\t\t\t\t<div class=\"elementor-element elementor-element-906dd25 elementor-widget elementor-widget-html\" data-id=\"906dd25\" data-element_type=\"widget\" data-widget_type=\"html.default\">\n\t\t\t\t<div class=\"elementor-widget-container\">\n\t\t\t<!-- wp:paragraph -->\r\n\r\n<div class=\"elementor-field-group\">\r\n    \r\n    <p class=\"form-submit\">\r\n    <input type=\"text\" size=\"1\" class=\"elementor-field elementor-size-sm  elementor-field-textual w-80\" id=\"epp-domain-to-check\" name=\"domainName\" placeholder=\"exemple.ad\" required=\"required\" value=\"\">\r\n    <button id=\"epp-button-check-domain\" class=\"search-button elementor-size-sm\" type=\"submit\">\r\n        <i id=\"epp-icon-search\" class=\"fas fa-search\"><\/i>\r\n    <\/button>\r\n    <div id='div-epp-result'><\/div>\r\n    <\/p> \r\n<\/div>\r\n\r\n<div id=\"cta_register_domain\" class=\"flex-center hidden\" >\r\n    <form action=\"\/fr\/enregistrer-un-domaine\">\r\n        <input type=\"hidden\" name=\"domainName\" id=\"hiddenDomainName\" value=\"\">\r\n        <button class=\"button\" type=\"submit\">Enregistrez le domaine <\/button>\r\n    <\/form>\r\n<\/div>\r\n\r\n<!-- \/wp:paragraph -->\t\t<\/div>\n\t\t\t\t<\/div>\n\t\t\t\t\t<\/div>\n\t\t<\/div>\n\t\t\t\t\t<\/div>\n\t\t<\/section>\n\t\t\t\t<section class=\"has_eae_slider elementor-section elementor-top-section elementor-element elementor-element-455f311 third_bg_color elementor-section-boxed elementor-section-height-default elementor-section-height-default\" data-id=\"455f311\" data-element_type=\"section\" data-settings=\"{&quot;background_background&quot;:&quot;classic&quot;}\">\n\t\t\t\t\t\t<div class=\"elementor-container elementor-column-gap-default\">\n\t\t\t\t\t<div class=\"has_eae_slider elementor-column elementor-col-100 elementor-top-column elementor-element elementor-element-b3c950d\" data-id=\"b3c950d\" data-element_type=\"column\">\n\t\t\t<div class=\"elementor-widget-wrap\">\n\t\t\t\t\t\t\t<\/div>\n\t\t<\/div>\n\t\t\t\t\t<\/div>\n\t\t<\/section>\n\t\t\t\t<section class=\"has_eae_slider elementor-section elementor-top-section elementor-element elementor-element-9f162d3 elementor-section-boxed elementor-section-height-default elementor-section-height-default\" data-id=\"9f162d3\" data-element_type=\"section\">\n\t\t\t\t\t\t<div class=\"elementor-container elementor-column-gap-default\">\n\t\t\t\t\t<div class=\"has_eae_slider elementor-column elementor-col-100 elementor-top-column elementor-element elementor-element-ff04107\" data-id=\"ff04107\" data-element_type=\"column\">\n\t\t\t<div class=\"elementor-widget-wrap\">\n\t\t\t\t\t\t\t<\/div>\n\t\t<\/div>\n\t\t\t\t\t<\/div>\n\t\t<\/section>\n\t\t\t\t<section class=\"has_eae_slider elementor-section elementor-top-section elementor-element elementor-element-1579d7c elementor-section-boxed elementor-section-height-default elementor-section-height-default\" data-id=\"1579d7c\" data-element_type=\"section\">\n\t\t\t\t\t\t<div class=\"elementor-container elementor-column-gap-default\">\n\t\t\t\t\t<div class=\"has_eae_slider elementor-column elementor-col-100 elementor-top-column elementor-element elementor-element-306dfee\" data-id=\"306dfee\" data-element_type=\"column\">\n\t\t\t<div class=\"elementor-widget-wrap\">\n\t\t\t\t\t\t\t<\/div>\n\t\t<\/div>\n\t\t\t\t\t<\/div>\n\t\t<\/section>\n\t\t\t\t<section class=\"has_eae_slider elementor-section elementor-top-section elementor-element elementor-element-c3895cd elementor-section-boxed elementor-section-height-default elementor-section-height-default\" data-id=\"c3895cd\" data-element_type=\"section\">\n\t\t\t\t\t\t<div class=\"elementor-container elementor-column-gap-default\">\n\t\t\t\t\t<div class=\"has_eae_slider elementor-column elementor-col-100 elementor-top-column elementor-element elementor-element-358db32\" data-id=\"358db32\" data-element_type=\"column\">\n\t\t\t<div class=\"elementor-widget-wrap elementor-element-populated\">\n\t\t\t\t\t\t<div class=\"elementor-element elementor-element-626b94c elementor-widget elementor-widget-text-editor\" data-id=\"626b94c\" data-element_type=\"widget\" data-widget_type=\"text-editor.default\">\n\t\t\t\t<div class=\"elementor-widget-container\">\n\t\t\t\t\t\t\t<p>Tarifs pour register a domain .ad<\/p>\n\t\t\t\t\t\t<\/div>\n\t\t\t\t<\/div>\n\t\t\t\t<div class=\"elementor-element elementor-element-13cf95f elementor-widget elementor-widget-image\" data-id=\"13cf95f\" data-element_type=\"widget\" data-widget_type=\"image.default\">\n\t\t\t\t<div class=\"elementor-widget-container\">\n\t\t\t\t\t\t\t\t\t\t\t\t\t<img decoding=\"async\" src=\"https:\/\/www.sapim.com\/wp-content\/uploads\/elementor\/thumbs\/Captura-de-Pantalla-2024-10-29-a-les-21.16.32-qwadwzxyjrsaqtt7eigj0johe2hlbrbif0ntaauu8w.png\" title=\"Captura de Pantalla 2024-10-29 a les 21.16.32\" alt=\"Captura de Pantalla 2024-10-29 a les 21.16.32\" loading=\"lazy\" \/>\t\t\t\t\t\t\t\t\t\t\t\t\t<\/div>\n\t\t\t\t<\/div>\n\t\t\t\t\t<\/div>\n\t\t<\/div>\n\t\t\t\t\t<\/div>\n\t\t<\/section>\n\t\t\t\t<\/div>\n\t\t","protected":false},"excerpt":{"rendered":"<p>Nouveau R\u00e8glement du Domaine Primaire &#8220;.ad&#8221; Phase de Disponibilit\u00e9 G\u00e9nerale \u00e0 partir du 22\/10\/2024.\u00a0 Premier arriv\u00e9, premier servi.\u00a0 Andorra Telecom, l&#8217;organe r\u00e9gulateur du domaine &#8220;.ad&#8221;, se r\u00e9serve le droit de rejeter, suspendre ou annuler tout domaine inscrit qui, \u00e0 son avis, ne respecte pas la r\u00e9glementation. Dans ce cas, le montant de l&#8217;enregistrement pr\u00e9c\u00e9demment pay\u00e9<\/p>\n","protected":false},"author":1,"featured_media":0,"parent":0,"menu_order":0,"comment_status":"closed","ping_status":"closed","template":"","meta":{"footnotes":""},"class_list":["post-8354","page","type-page","status-publish","hentry"],"aioseo_notices":[],"_links":{"self":[{"href":"https:\/\/www.sapim.com\/fr\/wp-json\/wp\/v2\/pages\/8354"}],"collection":[{"href":"https:\/\/www.sapim.com\/fr\/wp-json\/wp\/v2\/pages"}],"about":[{"href":"https:\/\/www.sapim.com\/fr\/wp-json\/wp\/v2\/types\/page"}],"author":[{"embeddable":true,"href":"https:\/\/www.sapim.com\/fr\/wp-json\/wp\/v2\/users\/1"}],"replies":[{"embeddable":true,"href":"https:\/\/www.sapim.com\/fr\/wp-json\/wp\/v2\/comments?post=8354"}],"version-history":[{"count":56,"href":"https:\/\/www.sapim.com\/fr\/wp-json\/wp\/v2\/pages\/8354\/revisions"}],"predecessor-version":[{"id":12278,"href":"https:\/\/www.sapim.com\/fr\/wp-json\/wp\/v2\/pages\/8354\/revisions\/12278"}],"wp:attachment":[{"href":"https:\/\/www.sapim.com\/fr\/wp-json\/wp\/v2\/media?parent=8354"}],"curies":[{"name":"wp","href":"https:\/\/api.w.org\/{rel}","templated":true}]}}