{"id":8397,"date":"2021-01-15T16:48:04","date_gmt":"2021-01-15T15:48:04","guid":{"rendered":"https:\/\/www.sapim.com\/serveis-marques\/"},"modified":"2025-03-14T21:22:32","modified_gmt":"2025-03-14T20:22:32","slug":"services-marques","status":"publish","type":"page","link":"https:\/\/www.sapim.com\/fr\/services-marques\/","title":{"rendered":"Enregistrement des Marques Andorre"},"content":{"rendered":"\t\t<div data-elementor-type=\"wp-page\" data-elementor-id=\"8397\" class=\"elementor elementor-8397 elementor-7543\" data-elementor-post-type=\"page\">\n\t\t\t\t\t\t<section class=\"has_eae_slider elementor-section elementor-top-section elementor-element elementor-element-f985c54 elementor-section-boxed elementor-section-height-default elementor-section-height-default\" data-id=\"f985c54\" data-element_type=\"section\" data-settings=\"{&quot;background_background&quot;:&quot;classic&quot;}\">\n\t\t\t\t\t\t<div class=\"elementor-container elementor-column-gap-default\">\n\t\t\t\t\t<div class=\"has_eae_slider elementor-column elementor-col-58 elementor-top-column elementor-element elementor-element-f986407\" data-id=\"f986407\" data-element_type=\"column\">\n\t\t\t<div class=\"elementor-widget-wrap elementor-element-populated\">\n\t\t\t\t\t\t<div class=\"elementor-element elementor-element-7a13076 elementor-widget elementor-widget-vc_custom_heading\" data-id=\"7a13076\" data-element_type=\"widget\" data-widget_type=\"vc_custom_heading.default\">\n\t\t\t\t<div class=\"elementor-widget-container\">\n\t\t\t<div class=\" vc_custom_heading  consulting_heading_font  text_align_left\" ><h2 style=\"text-align: left;font-weight:700\" class=\"consulting-custom-title\">Enregistrement des Marques Andorre<\/h2><\/div>\t\t<\/div>\n\t\t\t\t<\/div>\n\t\t\t\t<div class=\"elementor-element elementor-element-f98694d elementor-widget elementor-widget-text-editor\" data-id=\"f98694d\" data-element_type=\"widget\" data-widget_type=\"text-editor.default\">\n\t\t\t\t<div class=\"elementor-widget-container\">\n\t\t\t\t\t\t\t<p><span style=\"font-family: Montserrat; color: #444444; font-size: 16px; letter-spacing: -0.4px;\">Une marque d\u00e9pos\u00e9e est un droit conf\u00e9rant \u00e0 son propri\u00e9taire l&#8217;exclusivit\u00e9 de l\u2019utilisation d\u2019un nom, d\u2019un graphique ou de sensations per\u00e7ues par les consommateurs li\u00e9s aux produits et services d&#8217;une entreprise, permettant \u00e0 cette marque de se distinguer de ses concurrents. Ce droit est territorial et ne peut \u00eatre reconnu que dans les pays o\u00f9 il a \u00e9t\u00e9 explicitement d\u00e9pos\u00e9 et conf\u00e9r\u00e9.\u00a0<\/span><\/p>\n\t\t\t\t\t\t<\/div>\n\t\t\t\t<\/div>\n\t\t\t\t<div class=\"elementor-element elementor-element-f986cef elementor-widget elementor-widget-text-editor\" data-id=\"f986cef\" data-element_type=\"widget\" data-widget_type=\"text-editor.default\">\n\t\t\t\t<div class=\"elementor-widget-container\">\n\t\t\t\t\t\t\t<p>En Andorre, ce droit exclusif peut \u00eatre obtenu par des noms, des graphiques en 2D ou en 3D, des couleurs ou la combinaison des trois.<\/p>\n<p>En Andorre, Pour qu\u2019un droit de marque soit reconnu face \u00e0 un tiers, il ne peut \u00eatre obtenu que par son inscription au Bureau des Brevets et des Marques d&#8217;Andorre (OMPA &#8211; Oficina de Marques i Patents d&#8217;Andorra).<\/p>\n\t\t\t\t\t\t<\/div>\n\t\t\t\t<\/div>\n\t\t\t\t<div class=\"elementor-element elementor-element-f987052 elementor-widget elementor-widget-text-editor\" data-id=\"f987052\" data-element_type=\"widget\" data-widget_type=\"text-editor.default\">\n\t\t\t\t<div class=\"elementor-widget-container\">\n\t\t\t\t\t\t\t<blockquote style=\"background-color: #ffffff;\">\n<p><strong>SAPIM<\/strong>, conseille et repr\u00e9sente devant l&#8217;OMPA, les entit\u00e9s et entreprises souhaitant obtenir et g\u00e9rer leurs marques dans la principaut\u00e9 d&#8217;Andorre.<\/p>\n<\/blockquote>\n\t\t\t\t\t\t<\/div>\n\t\t\t\t<\/div>\n\t\t\t\t\t<\/div>\n\t\t<\/div>\n\t\t\t\t<div class=\"has_eae_slider elementor-column elementor-col-41 elementor-top-column elementor-element elementor-element-f987ad7\" data-id=\"f987ad7\" data-element_type=\"column\">\n\t\t\t<div class=\"elementor-widget-wrap elementor-element-populated\">\n\t\t\t\t\t\t<div class=\"elementor-element elementor-element-bee015a elementor-widget elementor-widget-image\" data-id=\"bee015a\" data-element_type=\"widget\" data-widget_type=\"image.default\">\n\t\t\t\t<div class=\"elementor-widget-container\">\n\t\t\t\t\t\t\t\t\t\t\t\t\t<img fetchpriority=\"high\" decoding=\"async\" width=\"800\" height=\"533\" src=\"https:\/\/www.sapim.com\/wp-content\/uploads\/2021\/01\/marques-andorra-1.jpg\" class=\"attachment-full size-full wp-image-9331\" alt=\"Trademarks Andorra\" srcset=\"https:\/\/www.sapim.com\/wp-content\/uploads\/2021\/01\/marques-andorra-1.jpg 800w, https:\/\/www.sapim.com\/wp-content\/uploads\/2021\/01\/marques-andorra-1-300x200.jpg 300w, https:\/\/www.sapim.com\/wp-content\/uploads\/2021\/01\/marques-andorra-1-768x512.jpg 768w\" sizes=\"(max-width: 800px) 100vw, 800px\" \/>\t\t\t\t\t\t\t\t\t\t\t\t\t<\/div>\n\t\t\t\t<\/div>\n\t\t\t\t\t<\/div>\n\t\t<\/div>\n\t\t\t\t\t<\/div>\n\t\t<\/section>\n\t\t\t\t<section class=\"has_eae_slider elementor-section elementor-top-section elementor-element elementor-element-f988474 elementor-section-boxed elementor-section-height-default elementor-section-height-default\" data-id=\"f988474\" data-element_type=\"section\">\n\t\t\t\t\t\t<div class=\"elementor-container elementor-column-gap-default\">\n\t\t\t\t\t<div class=\"has_eae_slider elementor-column elementor-col-100 elementor-top-column elementor-element elementor-element-f988923\" data-id=\"f988923\" data-element_type=\"column\">\n\t\t\t<div class=\"elementor-widget-wrap elementor-element-populated\">\n\t\t\t\t\t\t<div class=\"elementor-element elementor-element-f988dcb elementor-widget elementor-widget-vc_custom_heading\" data-id=\"f988dcb\" data-element_type=\"widget\" data-widget_type=\"vc_custom_heading.default\">\n\t\t\t\t<div class=\"elementor-widget-container\">\n\t\t\t<div class=\" vc_custom_heading  consulting_heading_font  text_align_left\" ><h3 style=\"text-align: left;font-weight:700\" class=\"consulting-custom-title\">Prestations et services\n<\/h3><\/div>\t\t<\/div>\n\t\t\t\t<\/div>\n\t\t\t\t<div class=\"elementor-element elementor-element-f98b27a elementor-widget elementor-widget-stm_icon_box\" data-id=\"f98b27a\" data-element_type=\"widget\" data-widget_type=\"stm_icon_box.default\">\n\t\t\t\t<div class=\"elementor-widget-container\">\n\t\t\t\n\n\n            <div onClick=\"return true\" class=\"icon_box  elementor-consulting-icon-box style_1 icon_left clearfix\">\n                <div class=\"icon  font-color_base font-color_third_bg\" style=\"width:70px\">\n            <i style=\"font-size: 30px;  width: 50px; height: 50px; display: flex; align-items: center; justify-content: center;\"\n               class=\"fas fa-registered\"><\/i><\/div>\n        <div class=\"icon_text\">\n                    <h5  class=\"font-color_base\">Inscription d\u2019un d\u00e9p\u00f4t au Bureau des Marques\n<\/h5>\n                <p>La langue officielle du <strong>Bureau des Marques et Brevets d'Andorre (OMPA)<\/strong> est le Catalan.<\/p>\n<p>Les demandes d'enregistrement de marques doivent donc \u00eatre d\u00e9pos\u00e9es en Catalan. <strong>SAPIM<\/strong> dispose des moyens n\u00e9cessaires pour effectuer toute traduction.<\/p>\n<p>Les produits et services \u00e9tant commercialis\u00e9s sur le march\u00e9 Andorran sous le signe distinctif dont on revendique l\u2019exclusive, doivent \u00eatre regroup\u00e9s suivant les directives des 45 classes d\u00e9crites dans la classification de Nice.<\/p>\n<p>Le libell\u00e9 doit respecter le sens litt\u00e9ral exact sp\u00e9cifi\u00e9 dans la Classification. Si l\u2019\u00e9nonc\u00e9 des produits et services doit \u00eatre revendiqu\u00e9 diff\u00e9remment, une classification de ceux-ci doit imp\u00e9rativement \u00eatre demand\u00e9e \u00e0 l'<strong>OMPA<\/strong>, par le r\u00e8glement des frais correspondants.<\/p>\n<p>Le syst\u00e8me d'enregistrement permet d'inclure dans la m\u00eame demande toutes les classes pr\u00e9sentant un int\u00e9r\u00eat pour le propri\u00e9taire.<\/p>\n<p>Le titulaire faisant une demande de marque en Andorre, peut \u00eatre une personne physique ou une personne juridique\/morale. Si le propri\u00e9taire n\u2019est pas r\u00e9sident en Andorre, il doit imp\u00e9rativement \u00eatre repr\u00e9sent\u00e9 par un agent de marques accr\u00e9dit\u00e9 aupr\u00e8s de l'OMPA.<\/p>\n<p><strong>Une marque peut \u00eatre revendiqu\u00e9e sous les signes distinctifs suivants :<\/strong><\/p>\n<ul>\n<li>Mots compos\u00e9s par des lettres de l'alphabet phon\u00e9tique international, y compris des signes sp\u00e9cifiques en Catalan ainsi que des chiffres et la plupart des signes grammaticaux. Tout autres signes d'alphabets internationaux devront \u00eatre prot\u00e9g\u00e9s par une revendication de signe graphique.<\/li>\n<li>Signe graphique en noir et blanc (2D, 3D)<\/li>\n<li>Signe graphique en couleur (2D, 3D)<\/li>\n<li>Couleurs, d\u00e9finies par un processus en quatre couleurs (quadrichromie - CMYK) ayant un pourcentage de cyan, magenta, jaune et noir.<\/li>\n<\/ul>\n<p>L'Andorre est signataire de la Convention de Paris pour la protection de la Propri\u00e9t\u00e9 Industrielle, en cons\u00e9quence, des priorit\u00e9s peuvent \u00eatre revendiqu\u00e9es.<\/p>\n<p>Les marques enregistr\u00e9es en Andorre sont en vigueur <strong>pendant 10 ans<\/strong> \u00e0 compter de la date de d\u00e9p\u00f4t.<\/p>\n    <\/div>\n            <\/div>\n    \n\t\t<\/div>\n\t\t\t\t<\/div>\n\t\t\t\t<div class=\"elementor-element elementor-element-314e7ba elementor-widget elementor-widget-spacer\" data-id=\"314e7ba\" data-element_type=\"widget\" data-widget_type=\"spacer.default\">\n\t\t\t\t<div class=\"elementor-widget-container\">\n\t\t\t\t\t<div class=\"elementor-spacer\">\n\t\t\t<div class=\"elementor-spacer-inner\"><\/div>\n\t\t<\/div>\n\t\t\t\t<\/div>\n\t\t\t\t<\/div>\n\t\t\t\t\t<\/div>\n\t\t<\/div>\n\t\t\t\t\t<\/div>\n\t\t<\/section>\n\t\t\t\t<section class=\"has_eae_slider elementor-section elementor-top-section elementor-element elementor-element-f989262 elementor-section-boxed elementor-section-height-default elementor-section-height-default\" data-id=\"f989262\" data-element_type=\"section\" data-settings=\"{&quot;background_background&quot;:&quot;classic&quot;}\">\n\t\t\t\t\t\t<div class=\"elementor-container elementor-column-gap-default\">\n\t\t\t\t\t<div class=\"has_eae_slider elementor-column elementor-col-100 elementor-top-column elementor-element elementor-element-f98988c\" data-id=\"f98988c\" data-element_type=\"column\">\n\t\t\t<div class=\"elementor-widget-wrap elementor-element-populated\">\n\t\t\t\t\t\t<div class=\"elementor-element elementor-element-f989da8 elementor-widget elementor-widget-stm_icon_box\" data-id=\"f989da8\" data-element_type=\"widget\" data-widget_type=\"stm_icon_box.default\">\n\t\t\t\t<div class=\"elementor-widget-container\">\n\t\t\t\n\n\n            <div onClick=\"return true\" class=\"icon_box  elementor-consulting-icon-box style_1 icon_left clearfix\">\n                <div class=\"icon  font-color_base font-color_third_bg\" style=\"width:70px\">\n            <i style=\"font-size: 30px;  width: 50px; height: 50px; display: flex; align-items: center; justify-content: center;\"\n               class=\"fas fa-calendar-check\"><\/i><\/div>\n        <div class=\"icon_text\">\n                    <h5  class=\"font-color_base\">Renouvellement\n<\/h5>\n                <p><span style=\"display: block; line-height: 24px;\">Suite \u00e0 l\u2019enregistrement d\u2019une marque, celle-ci pourra \u00eatre renouvel\u00e9e apr\u00e8s 10 ans \u00e0 partir de sa date de d\u00e9p\u00f4t, et cela ind\u00e9finiment tous les 10 ans.<\/span><\/p>\n    <\/div>\n            <\/div>\n    \n\t\t<\/div>\n\t\t\t\t<\/div>\n\t\t\t\t<div class=\"elementor-element elementor-element-f98a02a elementor-widget elementor-widget-stm_icon_box\" data-id=\"f98a02a\" data-element_type=\"widget\" data-widget_type=\"stm_icon_box.default\">\n\t\t\t\t<div class=\"elementor-widget-container\">\n\t\t\t\n\n\n            <div onClick=\"return true\" class=\"icon_box  elementor-consulting-icon-box style_1 icon_left clearfix\">\n                <div class=\"icon  font-color_base font-color_third_bg\" style=\"width:70px\">\n            <i style=\"font-size: 25px;  width: 50px; height: 50px; display: flex; align-items: center; justify-content: center;\"\n               class=\"fas fa-user-shield\"><\/i><\/div>\n        <div class=\"icon_text\">\n                    <h5  class=\"font-color_base\">Contr\u00f4le des Douanes\n<\/h5>\n                <p><span style=\"display: block; line-height: 24px;\">La douane andorrane effectue des contr\u00f4les al\u00e9atoires sur les produits introduits en Principaut\u00e9. Dans l\u00b4\u00e9ventualit\u00e9 o\u00f9 au cours de l'un de ces contr\u00f4les, les autorit\u00e9s douani\u00e8res auraient des doutes concernant la l\u00e9gitimit\u00e9 d\u2019une marque, le propri\u00e9taire des droits ou son agent en seront inform\u00e9s. S\u2019en suivra l\u00b4\u00e9ventuelle d\u00e9cision d\u2019effectuer de plus amples v\u00e9rifications ou de prendre les dispositions n\u00e9cessaires et opportunes.<\/span><\/p>\n    <\/div>\n            <\/div>\n    \n\t\t<\/div>\n\t\t\t\t<\/div>\n\t\t\t\t\t<\/div>\n\t\t<\/div>\n\t\t\t\t<div class=\"has_eae_slider elementor-column elementor-col-100 elementor-top-column elementor-element elementor-element-f98a235\" data-id=\"f98a235\" data-element_type=\"column\">\n\t\t\t<div class=\"elementor-widget-wrap elementor-element-populated\">\n\t\t\t\t\t\t<div class=\"elementor-element elementor-element-f98a747 elementor-widget elementor-widget-stm_icon_box\" data-id=\"f98a747\" data-element_type=\"widget\" data-widget_type=\"stm_icon_box.default\">\n\t\t\t\t<div class=\"elementor-widget-container\">\n\t\t\t\n\n\n            <div onClick=\"return true\" class=\"icon_box  elementor-consulting-icon-box style_1 icon_left clearfix\">\n                <div class=\"icon  font-color_base font-color_third_bg\" style=\"width:70px\">\n            <i style=\"font-size: 25px;  width: 50px; height: 50px; display: flex; align-items: center; justify-content: center;\"\n               class=\"fas fa-edit\"><\/i><\/div>\n        <div class=\"icon_text\">\n                    <h5  class=\"font-color_base\">Changement de nom et \/ ou d'adresse\n<\/h5>\n                <p><span style=\"display: block; line-height: 24px;\">Il est fortement recommand\u00e9 que tout propri\u00e9taire d'une marque enregistr\u00e9e soit parfaitement identifiable, en cons\u00e9quence, il est pr\u00e9f\u00e9rable que tout changement de nom, d\u2019adresse ou de forme juridique, soit enregistr\u00e9 aupr\u00e8s de l'OMPA.<\/span><\/p>\n    <\/div>\n            <\/div>\n    \n\t\t<\/div>\n\t\t\t\t<\/div>\n\t\t\t\t<div class=\"elementor-element elementor-element-f98b074 elementor-widget elementor-widget-stm_icon_box\" data-id=\"f98b074\" data-element_type=\"widget\" data-widget_type=\"stm_icon_box.default\">\n\t\t\t\t<div class=\"elementor-widget-container\">\n\t\t\t\n\n\n            <div onClick=\"return true\" class=\"icon_box  elementor-consulting-icon-box style_1 icon_left clearfix\">\n                <div class=\"icon  font-color_base font-color_third_bg\" style=\"width:70px\">\n            <i style=\"font-size: 25px;  width: 50px; height: 50px; display: flex; align-items: center; justify-content: center;\"\n               class=\"fas fa-user-friends\"><\/i><\/div>\n        <div class=\"icon_text\">\n                    <h5  class=\"font-color_base\">Cessions\n<\/h5>\n                <p><span style=\"display: block; line-height: 24px;\">La transmission d'un droit de Propri\u00e9t\u00e9 Intellectuelle proc\u00e9dant de l\u2019enregistrement d\u2019une marque en Andorre peut \u00eatre inscrit aupr\u00e8s de l'OMPA, soit pour la totalit\u00e9 de ces produits et services, soit pour une partie de ceux-ci en faveur d'un tiers, sachant que les droits du d\u00e9p\u00f4t initial resteront intacts.<\/span><\/p>\n    <\/div>\n            <\/div>\n    \n\t\t<\/div>\n\t\t\t\t<\/div>\n\t\t\t\t\t<\/div>\n\t\t<\/div>\n\t\t\t\t<div class=\"has_eae_slider elementor-column elementor-col-100 elementor-top-column elementor-element elementor-element-f98ab59\" data-id=\"f98ab59\" data-element_type=\"column\">\n\t\t\t<div class=\"elementor-widget-wrap elementor-element-populated\">\n\t\t\t\t\t\t<div class=\"elementor-element elementor-element-f98a952 elementor-widget elementor-widget-stm_icon_box\" data-id=\"f98a952\" data-element_type=\"widget\" data-widget_type=\"stm_icon_box.default\">\n\t\t\t\t<div class=\"elementor-widget-container\">\n\t\t\t\n\n\n            <div onClick=\"return true\" class=\"icon_box  elementor-consulting-icon-box style_1 icon_left clearfix\">\n                <div class=\"icon  font-color_base font-color_third_bg\" style=\"width:70px\">\n            <i style=\"font-size: 28px;  width: 50px; height: 50px; display: flex; align-items: center; justify-content: center;\"\n               class=\"fas fa-book\"><\/i><\/div>\n        <div class=\"icon_text\">\n                    <h5  class=\"font-color_base\">Copies certifi\u00e9es, l\u00e9galisations et traductions\n<\/h5>\n                <p><span style=\"display: block; line-height: 24px;\">L'Andorre est signataire de la Convention de Paris pour la protection de la Propri\u00e9t\u00e9 Industrielle, cela permet que les enregistrements d\u00e9pos\u00e9s aupr\u00e8s du Bureau des Marques de la Principaut\u00e9 puissent \u00eatre la base d\u2019un premier enregistrement, afin de pouvoir revendiquer la priorit\u00e9 d\u2019une marque dans d'autres territoires ayant aussi sign\u00e9 ces accords.<br \/>\nSAPIM assure le traitement de toute demande de traduction et de l\u00e9galisation r\u00e9sultant de ces d\u00e9p\u00f4ts d\u2019enregistrement.<\/span><\/p>\n    <\/div>\n            <\/div>\n    \n\t\t<\/div>\n\t\t\t\t<\/div>\n\t\t\t\t\t<\/div>\n\t\t<\/div>\n\t\t\t\t\t<\/div>\n\t\t<\/section>\n\t\t\t\t<section class=\"has_eae_slider elementor-section elementor-top-section elementor-element elementor-element-455f311 third_bg_color elementor-section-boxed elementor-section-height-default elementor-section-height-default\" data-id=\"455f311\" data-element_type=\"section\" data-settings=\"{&quot;background_background&quot;:&quot;classic&quot;}\">\n\t\t\t\t\t\t<div class=\"elementor-container elementor-column-gap-default\">\n\t\t\t\t\t<div class=\"has_eae_slider elementor-column elementor-col-100 elementor-top-column elementor-element elementor-element-b3c950d\" data-id=\"b3c950d\" data-element_type=\"column\">\n\t\t\t<div class=\"elementor-widget-wrap elementor-element-populated\">\n\t\t\t\t\t\t<div class=\"elementor-element elementor-element-eeccb0c elementor-widget elementor-widget-text-editor\" data-id=\"eeccb0c\" data-element_type=\"widget\" data-widget_type=\"text-editor.default\">\n\t\t\t\t<div class=\"elementor-widget-container\">\n\t\t\t\t\t\t\t<h3><span style=\"color: #ffffff;\">Autorisation<\/span><\/h3>\n\t\t\t\t\t\t<\/div>\n\t\t\t\t<\/div>\n\t\t\t\t<div class=\"elementor-element elementor-element-d7c32a4 elementor-widget elementor-widget-vc_cta\" data-id=\"d7c32a4\" data-element_type=\"widget\" data-widget_type=\"vc_cta.default\">\n\t\t\t\t<div class=\"elementor-widget-container\">\n\t\t\t\n<div class=\"ce_cta ce_cta_ec430251b9f552651ab507c32fb30e95 ce_text_left third_bg_color add_button_right btn_align_right btn_button_block_true btn_has_icon btn_has_icon_on_the_right\" id=\"\">\n\t<div class=\"ce_cta__content\">\n\t\t<div class=\"ce_cta__content__header\">\n\t\t\t<h3  class='ce_cta__content__title '>Pouvoir g\u00e9n\u00e9ral d\u2019Autorisation pour agir en tant que Agent de Marques de la Principaut\u00e9 d\u2019Andorre (.doc)<\/h3>\t\t<\/div>\n\t\t\t<\/div>\n\n\t\t<div class=\"ce_cta__action\">\n\t\t<a\n\t\t\thref=\"https:\/\/www.sapim.com\/wp-content\/uploads\/2025\/03\/12-PoA-Marques-FR.docx\"\n\t\t\t\t\t\ttarget=\"_blank\"\n\t\t\tclass=\"button\n\t\t\t\t\t\">\n\t\t\t<span>T\u00e9l\u00e9charger<\/span>\n\t\t\t\t\t\t<i class=\"fas fa-file-word\"><\/i>\n\t\t\t\t\t<\/a>\n\t<\/div>\n\t<\/div>\n\t\t<\/div>\n\t\t\t\t<\/div>\n\t\t\t\t\t<\/div>\n\t\t<\/div>\n\t\t\t\t\t<\/div>\n\t\t<\/section>\n\t\t\t\t<\/div>\n\t\t","protected":false},"excerpt":{"rendered":"<p>Enregistrement des Marques Andorre Une marque d\u00e9pos\u00e9e est un droit conf\u00e9rant \u00e0 son propri\u00e9taire l&#8217;exclusivit\u00e9 de l\u2019utilisation d\u2019un nom, d\u2019un graphique ou de sensations per\u00e7ues par les consommateurs li\u00e9s aux produits et services d&#8217;une entreprise, permettant \u00e0 cette marque de se distinguer de ses concurrents. Ce droit est territorial et ne peut \u00eatre reconnu que<\/p>\n","protected":false},"author":1,"featured_media":0,"parent":0,"menu_order":0,"comment_status":"closed","ping_status":"closed","template":"","meta":{"footnotes":""},"class_list":["post-8397","page","type-page","status-publish","hentry"],"aioseo_notices":[],"_links":{"self":[{"href":"https:\/\/www.sapim.com\/fr\/wp-json\/wp\/v2\/pages\/8397"}],"collection":[{"href":"https:\/\/www.sapim.com\/fr\/wp-json\/wp\/v2\/pages"}],"about":[{"href":"https:\/\/www.sapim.com\/fr\/wp-json\/wp\/v2\/types\/page"}],"author":[{"embeddable":true,"href":"https:\/\/www.sapim.com\/fr\/wp-json\/wp\/v2\/users\/1"}],"replies":[{"embeddable":true,"href":"https:\/\/www.sapim.com\/fr\/wp-json\/wp\/v2\/comments?post=8397"}],"version-history":[{"count":35,"href":"https:\/\/www.sapim.com\/fr\/wp-json\/wp\/v2\/pages\/8397\/revisions"}],"predecessor-version":[{"id":13392,"href":"https:\/\/www.sapim.com\/fr\/wp-json\/wp\/v2\/pages\/8397\/revisions\/13392"}],"wp:attachment":[{"href":"https:\/\/www.sapim.com\/fr\/wp-json\/wp\/v2\/media?parent=8397"}],"curies":[{"name":"wp","href":"https:\/\/api.w.org\/{rel}","templated":true}]}}