{"id":9337,"date":"2021-11-18T17:28:51","date_gmt":"2021-11-18T16:28:51","guid":{"rendered":"https:\/\/www.sapim.com\/?page_id=9337"},"modified":"2021-11-18T17:28:51","modified_gmt":"2021-11-18T16:28:51","slug":"services-des-signes-detat","status":"publish","type":"page","link":"https:\/\/www.sapim.com\/fr\/services-des-signes-detat\/","title":{"rendered":"Services des signes d&#8217;\u00e9tat"},"content":{"rendered":"\t\t<div data-elementor-type=\"wp-page\" data-elementor-id=\"9337\" class=\"elementor elementor-9337 elementor-9334\" data-elementor-post-type=\"page\">\n\t\t\t\t\t\t<section class=\"has_eae_slider elementor-section elementor-top-section elementor-element elementor-element-f985c54 elementor-section-boxed elementor-section-height-default elementor-section-height-default\" data-id=\"f985c54\" data-element_type=\"section\" data-settings=\"{&quot;background_background&quot;:&quot;classic&quot;}\">\n\t\t\t\t\t\t<div class=\"elementor-container elementor-column-gap-default\">\n\t\t\t\t\t<div class=\"has_eae_slider elementor-column elementor-col-58 elementor-top-column elementor-element elementor-element-f986407\" data-id=\"f986407\" data-element_type=\"column\">\n\t\t\t<div class=\"elementor-widget-wrap elementor-element-populated\">\n\t\t\t\t\t\t<div class=\"elementor-element elementor-element-f98694d elementor-widget elementor-widget-text-editor\" data-id=\"f98694d\" data-element_type=\"widget\" data-widget_type=\"text-editor.default\">\n\t\t\t\t<div class=\"elementor-widget-container\">\n\t\t\t\t\t\t\t<p><span style=\"font-family: Montserrat; color: #444444; font-size: 16px; letter-spacing: -0.4px;\">Dans le but de faire bon usage des signes distinctifs d&#8217;Andorre, tels que :\u00a0<\/span><\/p>\n\t\t\t\t\t\t<\/div>\n\t\t\t\t<\/div>\n\t\t\t\t<div class=\"elementor-element elementor-element-f987052 elementor-widget elementor-widget-text-editor\" data-id=\"f987052\" data-element_type=\"widget\" data-widget_type=\"text-editor.default\">\n\t\t\t\t<div class=\"elementor-widget-container\">\n\t\t\t\t\t\t\t<blockquote style=\"background-color: #ffffff;\">\n<p><strong>a- <\/strong>L\u2019embl\u00e8me, l\u2019\u00e9cusson, l\u2019armoirie d&#8217;Andorre<br \/><strong>b-<\/strong> Le drapeau d&#8217;Andorre<br \/><strong>c- <\/strong>Le nom \u201cPrincipat d\u2019Andorra\u201d<br \/><strong>d- <\/strong>La forme abr\u00e9g\u00e9e du nom<\/p>\n<ul>\n<li>Principat<br \/>Andorra<br \/>And<\/li>\n<\/ul>\n<p><strong>e- <\/strong>L&#8217;imitation du nom. \u00c0 titre d\u2019exemple \u00e9nonciatif mais non exhaustif<\/p>\n<ul>\n<li>andor (prefix o sufix)<br \/>and (prefix o sufix)<br \/>andorrana<br \/>andorranas<br \/>andorrano<br \/>andorrans<br \/>coprincipat<\/li>\n<\/ul>\n<p><strong>f- <\/strong>Les noms<\/p>\n<ul>\n<li>Govern<br \/>Govern d&#8217;Andorra<br \/>Consell general<\/li>\n<\/ul>\n<p><strong>g- <\/strong>Les adjectifs<\/p>\n<ul>\n<li>estatal<br \/>nacional<br \/>governamental<br \/>oficial<\/li>\n<\/ul>\n<\/blockquote>\n\t\t\t\t\t\t<\/div>\n\t\t\t\t<\/div>\n\t\t\t\t<div class=\"elementor-element elementor-element-1b22609 elementor-widget elementor-widget-text-editor\" data-id=\"1b22609\" data-element_type=\"widget\" data-widget_type=\"text-editor.default\">\n\t\t\t\t<div class=\"elementor-widget-container\">\n\t\t\t\t\t\t\t<p><span style=\"font-family: Montserrat; color: #444444; font-size: 16px; letter-spacing: -0.4px;\">L\u2019utilisation des embl\u00e8mes d\u2019Etat sont sujets \u00e0 l&#8217;obtention d&#8217;une autorisation.<\/span><\/p>\n\t\t\t\t\t\t<\/div>\n\t\t\t\t<\/div>\n\t\t\t\t\t<\/div>\n\t\t<\/div>\n\t\t\t\t<div class=\"has_eae_slider elementor-column elementor-col-41 elementor-top-column elementor-element elementor-element-f987ad7\" data-id=\"f987ad7\" data-element_type=\"column\">\n\t\t\t<div class=\"elementor-widget-wrap elementor-element-populated\">\n\t\t\t\t\t\t<div class=\"elementor-element elementor-element-bee015a elementor-widget elementor-widget-image\" data-id=\"bee015a\" data-element_type=\"widget\" data-widget_type=\"image.default\">\n\t\t\t\t<div class=\"elementor-widget-container\">\n\t\t\t\t\t\t\t\t\t\t\t\t\t<img fetchpriority=\"high\" decoding=\"async\" width=\"800\" height=\"599\" src=\"https:\/\/www.sapim.com\/wp-content\/uploads\/2021\/01\/signes-estat-andorra.jpg\" class=\"attachment-full size-full wp-image-7677\" alt=\"andorra\" srcset=\"https:\/\/www.sapim.com\/wp-content\/uploads\/2021\/01\/signes-estat-andorra.jpg 800w, https:\/\/www.sapim.com\/wp-content\/uploads\/2021\/01\/signes-estat-andorra-300x225.jpg 300w, https:\/\/www.sapim.com\/wp-content\/uploads\/2021\/01\/signes-estat-andorra-768x575.jpg 768w\" sizes=\"(max-width: 800px) 100vw, 800px\" \/>\t\t\t\t\t\t\t\t\t\t\t\t\t<\/div>\n\t\t\t\t<\/div>\n\t\t\t\t<div class=\"elementor-element elementor-element-a65a42a elementor-widget elementor-widget-image\" data-id=\"a65a42a\" data-element_type=\"widget\" data-widget_type=\"image.default\">\n\t\t\t\t<div class=\"elementor-widget-container\">\n\t\t\t\t\t\t\t\t\t\t\t\t\t<img decoding=\"async\" width=\"800\" height=\"599\" src=\"https:\/\/www.sapim.com\/wp-content\/uploads\/2021\/01\/signes-estat-andorra2.jpg\" class=\"attachment-full size-full wp-image-7679\" alt=\"andorra\" srcset=\"https:\/\/www.sapim.com\/wp-content\/uploads\/2021\/01\/signes-estat-andorra2.jpg 800w, https:\/\/www.sapim.com\/wp-content\/uploads\/2021\/01\/signes-estat-andorra2-300x225.jpg 300w, https:\/\/www.sapim.com\/wp-content\/uploads\/2021\/01\/signes-estat-andorra2-768x575.jpg 768w\" sizes=\"(max-width: 800px) 100vw, 800px\" \/>\t\t\t\t\t\t\t\t\t\t\t\t\t<\/div>\n\t\t\t\t<\/div>\n\t\t\t\t\t<\/div>\n\t\t<\/div>\n\t\t\t\t\t<\/div>\n\t\t<\/section>\n\t\t\t\t<section class=\"has_eae_slider elementor-section elementor-top-section elementor-element elementor-element-455f311 third_bg_color elementor-section-boxed elementor-section-height-default elementor-section-height-default\" data-id=\"455f311\" data-element_type=\"section\" data-settings=\"{&quot;background_background&quot;:&quot;classic&quot;}\">\n\t\t\t\t\t\t<div class=\"elementor-container elementor-column-gap-default\">\n\t\t\t\t\t<div class=\"has_eae_slider elementor-column elementor-col-100 elementor-top-column elementor-element elementor-element-b3c950d\" data-id=\"b3c950d\" data-element_type=\"column\">\n\t\t\t<div class=\"elementor-widget-wrap elementor-element-populated\">\n\t\t\t\t\t\t<div class=\"elementor-element elementor-element-eec912c elementor-widget elementor-widget-vc_cta\" data-id=\"eec912c\" data-element_type=\"widget\" data-widget_type=\"vc_cta.default\">\n\t\t\t\t<div class=\"elementor-widget-container\">\n\t\t\t\n<div class=\"ce_cta ce_cta_0532eb13b7479bd889111546979129ef ce_text_left third_bg_color add_button_right btn_align_right btn_button_block_true btn_has_icon btn_has_icon_on_the_right\" id=\"\">\n\t<div class=\"ce_cta__content\">\n\t\t<div class=\"ce_cta__content__header\">\n\t\t\t<h2  class='ce_cta__content__title '>Avez-vous des questions ou un projet ? <\/h2>\t\t<\/div>\n\t\t\t<\/div>\n\n\t\t<div class=\"ce_cta__action\">\n\t\t<a\n\t\t\thref=\"https:\/\/www.sapim.com\/fr\/contacts\"\n\t\t\t\t\t\ttarget=\"_self\"\n\t\t\tclass=\"button\n\t\t\t\t\t\">\n\t\t\t<span>Contactez-nous<\/span>\n\t\t\t\t\t\t<i class=\"fa fa-chevron-right\"><\/i>\n\t\t\t\t\t<\/a>\n\t<\/div>\n\t<\/div>\n\t\t<\/div>\n\t\t\t\t<\/div>\n\t\t\t\t\t<\/div>\n\t\t<\/div>\n\t\t\t\t\t<\/div>\n\t\t<\/section>\n\t\t\t\t<\/div>\n\t\t","protected":false},"excerpt":{"rendered":"<p>Dans le but de faire bon usage des signes distinctifs d&#8217;Andorre, tels que : a- L\u2019embl\u00e8me, l\u2019\u00e9cusson, l\u2019armoirie d&#8217;Andorre b- Le drapeau d&#8217;Andorre c- Le nom \u201cPrincipat d\u2019Andorra\u201d d- La forme abr\u00e9g\u00e9e du nom Principat Andorra And e- L&#8217;imitation du nom. \u00c0 titre d\u2019exemple \u00e9nonciatif mais non exhaustif andor (prefix o sufix) and (prefix o<\/p>\n","protected":false},"author":2,"featured_media":0,"parent":0,"menu_order":0,"comment_status":"closed","ping_status":"closed","template":"","meta":{"footnotes":""},"class_list":["post-9337","page","type-page","status-publish","hentry"],"aioseo_notices":[],"_links":{"self":[{"href":"https:\/\/www.sapim.com\/fr\/wp-json\/wp\/v2\/pages\/9337"}],"collection":[{"href":"https:\/\/www.sapim.com\/fr\/wp-json\/wp\/v2\/pages"}],"about":[{"href":"https:\/\/www.sapim.com\/fr\/wp-json\/wp\/v2\/types\/page"}],"author":[{"embeddable":true,"href":"https:\/\/www.sapim.com\/fr\/wp-json\/wp\/v2\/users\/2"}],"replies":[{"embeddable":true,"href":"https:\/\/www.sapim.com\/fr\/wp-json\/wp\/v2\/comments?post=9337"}],"version-history":[{"count":1,"href":"https:\/\/www.sapim.com\/fr\/wp-json\/wp\/v2\/pages\/9337\/revisions"}],"predecessor-version":[{"id":9806,"href":"https:\/\/www.sapim.com\/fr\/wp-json\/wp\/v2\/pages\/9337\/revisions\/9806"}],"wp:attachment":[{"href":"https:\/\/www.sapim.com\/fr\/wp-json\/wp\/v2\/media?parent=9337"}],"curies":[{"name":"wp","href":"https:\/\/api.w.org\/{rel}","templated":true}]}}